{"id":5310,"date":"2026-03-13T20:20:32","date_gmt":"2026-03-13T20:20:32","guid":{"rendered":"https:\/\/onecode-media.com\/aztekaec\/?post_type=product&#038;p=5310"},"modified":"2026-03-13T20:20:32","modified_gmt":"2026-03-13T20:20:32","slug":"cargador-1-pto-usb-rapida-qc3-azul","status":"publish","type":"product","link":"https:\/\/onecode-media.com\/aztekaec\/producto\/cargador-1-pto-usb-rapida-qc3-azul\/","title":{"rendered":"CARGADOR 1 PTO USB RAPIDA QC3 AZUL"},"content":{"rendered":"<p>Cargador ultra r\u00e1pido 1 puerto USB y Tipo C, azul &#8211; IP-6230BL<br \/>\nEl cargador IP-6230BL de Mitzu est\u00e1 dise\u00f1ado para quienes necesitan cargar sus dispositivos r\u00e1pidamente y de manera segura. Con puertos USB y Tipo C, es compatible con smartphones, tablets y otros dispositivos electr\u00f3nicos.<\/p>\n<p>Ofrece 3 A y 30 W de potencia, permitiendo una carga ultra r\u00e1pida sin da\u00f1ar la bater\u00eda de tus equipos. Su dise\u00f1o compacto y moderno en color azul facilita su transporte y uso en casa, oficina o viajes.<\/p>\n","protected":false},"excerpt":{"rendered":"<p>Cargador ultra r\u00e1pido 1 puerto USB y Tipo C, azul &#8211; IP-6230BL<br \/>\nEl cargador IP-6230BL de Mitzu est\u00e1 dise\u00f1ado para quienes necesitan cargar sus dispositivos r\u00e1pidamente y de manera segura. Con puertos USB y Tipo C, es compatible con smartphones, tablets y otros dispositivos electr\u00f3nicos.<\/p>\n<p>Ofrece 3 A y 30 W de potencia, permitiendo una carga ultra r\u00e1pida sin da\u00f1ar la bater\u00eda de tus equipos. Su dise\u00f1o compacto y moderno en color azul facilita su transporte y uso en casa, oficina o viajes.<\/p>\n","protected":false},"featured_media":0,"comment_status":"open","ping_status":"closed","template":"","meta":{"_monsterinsights_skip_tracking":false,"_monsterinsights_sitenote_active":false,"_monsterinsights_sitenote_note":"","_monsterinsights_sitenote_category":0},"product_cat":[15],"product_tag":[106,139],"class_list":{"0":"post-5310","1":"product","2":"type-product","3":"status-publish","5":"product_brand-mitzu","6":"product_cat-accesorios","7":"product_tag-mobile","8":"product_tag-technologies","9":"product_shipping_class-gopro-236","11":"first","12":"instock","13":"shipping-taxable","14":"purchasable","15":"product-type-simple","16":"col-xs-6 col-sm-4","17":"col-mf-5","18":"un-5-cols"},"aioseo_notices":[],"_links":{"self":[{"href":"https:\/\/onecode-media.com\/aztekaec\/wp-json\/wp\/v2\/product\/5310","targetHints":{"allow":["GET"]}}],"collection":[{"href":"https:\/\/onecode-media.com\/aztekaec\/wp-json\/wp\/v2\/product"}],"about":[{"href":"https:\/\/onecode-media.com\/aztekaec\/wp-json\/wp\/v2\/types\/product"}],"replies":[{"embeddable":true,"href":"https:\/\/onecode-media.com\/aztekaec\/wp-json\/wp\/v2\/comments?post=5310"}],"wp:attachment":[{"href":"https:\/\/onecode-media.com\/aztekaec\/wp-json\/wp\/v2\/media?parent=5310"}],"wp:term":[{"taxonomy":"product_cat","embeddable":true,"href":"https:\/\/onecode-media.com\/aztekaec\/wp-json\/wp\/v2\/product_cat?post=5310"},{"taxonomy":"product_tag","embeddable":true,"href":"https:\/\/onecode-media.com\/aztekaec\/wp-json\/wp\/v2\/product_tag?post=5310"}],"curies":[{"name":"wp","href":"https:\/\/api.w.org\/{rel}","templated":true}]}}