{"id":5308,"date":"2026-03-13T20:16:44","date_gmt":"2026-03-13T20:16:44","guid":{"rendered":"https:\/\/onecode-media.com\/aztekaec\/?post_type=product&#038;p=5308"},"modified":"2026-03-13T20:18:27","modified_gmt":"2026-03-13T20:18:27","slug":"cargadok-pto-usb-3-1-a-18w-carga-rapida-qc3-negro","status":"publish","type":"product","link":"https:\/\/onecode-media.com\/aztekaec\/producto\/cargadok-pto-usb-3-1-a-18w-carga-rapida-qc3-negro\/","title":{"rendered":"CARGADOK PTO USB 3.1 A 18W CARGA RAPIDA QC3 NEGRO"},"content":{"rendered":"<p>Cargador con puerto USB de carga ultra r\u00e1pida 3.1 A \u2013 Color negro \u2013 Modelo IP-6013BK<br \/>\nRecarga tus dispositivos de forma r\u00e1pida y segura con el cargador de pared modelo IP-6013BK. Dise\u00f1ado con un puerto USB de carga ultra r\u00e1pida de hasta 3.1 amperes, este cargador es ideal para quienes necesitan eficiencia y rendimiento en su rutina diaria.<\/p>\n","protected":false},"excerpt":{"rendered":"<p>Cargador con puerto USB de carga ultra r\u00e1pida 3.1 A \u2013 Color negro \u2013 Modelo IP-6013BK<br \/>\nRecarga tus dispositivos de forma r\u00e1pida y segura con el cargador de pared modelo IP-6013BK. Dise\u00f1ado con un puerto USB de carga ultra r\u00e1pida de hasta 3.1 amperes, este cargador es ideal para quienes necesitan eficiencia y rendimiento en su rutina diaria.<\/p>\n","protected":false},"featured_media":0,"comment_status":"open","ping_status":"closed","template":"","meta":{"_monsterinsights_skip_tracking":false,"_monsterinsights_sitenote_active":false,"_monsterinsights_sitenote_note":"","_monsterinsights_sitenote_category":0},"product_cat":[15],"product_tag":[106,139],"class_list":{"0":"post-5308","1":"product","2":"type-product","3":"status-publish","5":"product_brand-mitzu","6":"product_cat-accesorios","7":"product_tag-mobile","8":"product_tag-technologies","9":"product_shipping_class-gopro-236","11":"first","12":"instock","13":"shipping-taxable","14":"purchasable","15":"product-type-simple","16":"col-xs-6 col-sm-4","17":"col-mf-5","18":"un-5-cols"},"aioseo_notices":[],"_links":{"self":[{"href":"https:\/\/onecode-media.com\/aztekaec\/wp-json\/wp\/v2\/product\/5308","targetHints":{"allow":["GET"]}}],"collection":[{"href":"https:\/\/onecode-media.com\/aztekaec\/wp-json\/wp\/v2\/product"}],"about":[{"href":"https:\/\/onecode-media.com\/aztekaec\/wp-json\/wp\/v2\/types\/product"}],"replies":[{"embeddable":true,"href":"https:\/\/onecode-media.com\/aztekaec\/wp-json\/wp\/v2\/comments?post=5308"}],"wp:attachment":[{"href":"https:\/\/onecode-media.com\/aztekaec\/wp-json\/wp\/v2\/media?parent=5308"}],"wp:term":[{"taxonomy":"product_cat","embeddable":true,"href":"https:\/\/onecode-media.com\/aztekaec\/wp-json\/wp\/v2\/product_cat?post=5308"},{"taxonomy":"product_tag","embeddable":true,"href":"https:\/\/onecode-media.com\/aztekaec\/wp-json\/wp\/v2\/product_tag?post=5308"}],"curies":[{"name":"wp","href":"https:\/\/api.w.org\/{rel}","templated":true}]}}