{"id":5292,"date":"2026-03-13T20:10:55","date_gmt":"2026-03-13T20:10:55","guid":{"rendered":"https:\/\/onecode-media.com\/aztekaec\/?post_type=product&#038;p=5292"},"modified":"2026-03-13T20:10:55","modified_gmt":"2026-03-13T20:10:55","slug":"teclado-61-teclas","status":"publish","type":"product","link":"https:\/\/onecode-media.com\/aztekaec\/producto\/teclado-61-teclas\/","title":{"rendered":"TECLADO 61 TECLAS"},"content":{"rendered":"<p>Mejora tus habilidades, explora nuevos sonidos y deja fluir tu creatividad. \u00a1Llena tu vida de m\u00fasica!<br \/>\nEl Teclado Musical Kiaser De 61 Teclas Luminosas Mtc-5495 es el instrumento perfecto para m\u00fasicos de todos los niveles. Con 255 ritmos y tonos, podr\u00e1s experimentar una amplia variedad de sonidos para crear m\u00fasica \u00fanica y original. Adem\u00e1s, su grabador integrado te permitir\u00e1 guardar tus composiciones y escucharlas en cualquier momento.<\/p>\n<p>Pr\u00e1ctico y versatil, lo que necesitas<br \/>\nCon un peso de 4.25 kg y dimensiones compactas, este teclado es f\u00e1cil de transportar y almacenar, ideal para llevarlo a tus clases de m\u00fasica o presentaciones en vivo. Incluye un respaldo para partituras y un adaptador para conectar, lo que te brinda mayor comodidad y versatilidad al tocar.<\/p>\n<p>Ilumina tu m\u00fasica y mejora tu t\u00e9cnica<br \/>\nLas 61 teclas luminosas te ayudar\u00e1n a aprender y mejorar tu t\u00e9cnica de manera divertida y efectiva. Ya sea que est\u00e9s comenzando en el mundo de la m\u00fasica o seas un m\u00fasico experimentado, el Teclado Musical Kiaser Mtc-5495 te brindar\u00e1 horas de diversi\u00f3n y creatividad. \u00a1Hazte con el tuyo y deja volar tu imaginaci\u00f3n musical!<\/p>\n<p>Pasa al siguiente nivel con M\u00e1s ritmos, m\u00e1s m\u00fasica<br \/>\nCon sus 61 teclas, podr\u00e1s tocar una amplia variedad de obras y sumergirte en el mundo del int\u00e9rprete musical. Ideal para niveles intermedios que quieren superarse y seguir el camino de los grandes m\u00fasicos.<\/p>\n<p>Disfruta de un gran banco de estilos y ritmos musicales. D\u00e9jate guiar y an\u00edmate a improvisar sobre las pistas.<\/p>\n","protected":false},"excerpt":{"rendered":"<p>Mejora tus habilidades, explora nuevos sonidos y deja fluir tu creatividad. \u00a1Llena tu vida de m\u00fasica!<br \/>\nEl Teclado Musical Kiaser De 61 Teclas Luminosas Mtc-5495 es el instrumento perfecto para m\u00fasicos de todos los niveles. Con 255 ritmos y tonos, podr\u00e1s experimentar una amplia variedad de sonidos para crear m\u00fasica \u00fanica y original. Adem\u00e1s, su grabador integrado te permitir\u00e1 guardar tus composiciones y escucharlas en cualquier momento.<\/p>\n","protected":false},"featured_media":5294,"comment_status":"open","ping_status":"closed","template":"","meta":{"_monsterinsights_skip_tracking":false,"_monsterinsights_sitenote_active":false,"_monsterinsights_sitenote_note":"","_monsterinsights_sitenote_category":0},"product_cat":[211],"product_tag":[106,139],"class_list":{"0":"post-5292","1":"product","2":"type-product","3":"status-publish","4":"has-post-thumbnail","6":"product_brand-mitzu","7":"product_cat-instrumentos-musicales","8":"product_tag-mobile","9":"product_tag-technologies","10":"product_shipping_class-gopro-236","12":"first","13":"instock","14":"shipping-taxable","15":"purchasable","16":"product-type-simple","17":"col-xs-6 col-sm-4","18":"col-mf-5","19":"un-5-cols"},"aioseo_notices":[],"_links":{"self":[{"href":"https:\/\/onecode-media.com\/aztekaec\/wp-json\/wp\/v2\/product\/5292","targetHints":{"allow":["GET"]}}],"collection":[{"href":"https:\/\/onecode-media.com\/aztekaec\/wp-json\/wp\/v2\/product"}],"about":[{"href":"https:\/\/onecode-media.com\/aztekaec\/wp-json\/wp\/v2\/types\/product"}],"replies":[{"embeddable":true,"href":"https:\/\/onecode-media.com\/aztekaec\/wp-json\/wp\/v2\/comments?post=5292"}],"wp:featuredmedia":[{"embeddable":true,"href":"https:\/\/onecode-media.com\/aztekaec\/wp-json\/wp\/v2\/media\/5294"}],"wp:attachment":[{"href":"https:\/\/onecode-media.com\/aztekaec\/wp-json\/wp\/v2\/media?parent=5292"}],"wp:term":[{"taxonomy":"product_cat","embeddable":true,"href":"https:\/\/onecode-media.com\/aztekaec\/wp-json\/wp\/v2\/product_cat?post=5292"},{"taxonomy":"product_tag","embeddable":true,"href":"https:\/\/onecode-media.com\/aztekaec\/wp-json\/wp\/v2\/product_tag?post=5292"}],"curies":[{"name":"wp","href":"https:\/\/api.w.org\/{rel}","templated":true}]}}