{"id":5285,"date":"2026-03-13T20:08:55","date_gmt":"2026-03-13T20:08:55","guid":{"rendered":"https:\/\/onecode-media.com\/aztekaec\/?post_type=product&#038;p=5285"},"modified":"2026-03-13T20:08:55","modified_gmt":"2026-03-13T20:08:55","slug":"teclado-54-teclas","status":"publish","type":"product","link":"https:\/\/onecode-media.com\/aztekaec\/producto\/teclado-54-teclas\/","title":{"rendered":"TECLADO 54 TECLAS"},"content":{"rendered":"<p>Descubre lo que este teclado tiene para ti<br \/>\nEl teclado musical Kaiser MTC-5485 es el instrumento perfecto para los amantes de la m\u00fasica. Con 54 teclas de alta fidelidad, podr\u00e1s disfrutar de una amplia variedad de tonos y ritmos para crear melod\u00edas \u00fanicas. Adem\u00e1s, cuenta con un grabador incorporado para que puedas guardar tus composiciones y escucharlas cuando quieras.<\/p>\n<p>Salida de audio de gran fidelidad<br \/>\nCon una profundidad de 75 cm, altura de 9 cm y un peso de 2.06 kg, este teclado es compacto y f\u00e1cil de transportar, ideal para llevarlo a tus clases de m\u00fasica o presentaciones en vivo. Incluye un respaldo para partituras y un adaptador para conectar, para que puedas empezar a tocar de inmediato sin necesidad de comprar accesorios adicionales.<\/p>\n<p>Vers\u00e1til para cualquier g\u00e9nero musical<br \/>\nCon 100 ritmos y 100 tonos diferentes, tendr\u00e1s infinitas posibilidades para experimentar y crear m\u00fasica de cualquier g\u00e9nero. Adem\u00e1s, su dise\u00f1o elegante y moderno lo convierte en un complemento perfecto para cualquier espacio. \u00a1No esperes m\u00e1s y lleva tu pasi\u00f3n por la m\u00fasica al siguiente nivel con el teclado musical Kaiser MTC-5485!<\/p>\n<p>\u00bfAlguna vez has querido aprender a tocar el piano o teclado musical y grabar tus grandes logros?<br \/>\nTus composiciones musicales podr\u00e1n ser grabadas y reproducidas las veces que quieras con el Teclado vers\u00e1til con micr\u00f3fono y 54 teclas KAISER\u00ae. Adem\u00e1s, disfruta de sus m\u00faltiples funciones para mejorar tus composiciones.<\/p>\n","protected":false},"excerpt":{"rendered":"<p><strong>Descubre lo que este teclado tiene para ti<\/strong><br \/>\nEl teclado musical Kaiser MTC-5485 es el instrumento perfecto para los amantes de la m\u00fasica. Con 54 teclas de alta fidelidad, podr\u00e1s disfrutar de una amplia variedad de tonos y ritmos para crear melod\u00edas \u00fanicas. Adem\u00e1s, cuenta con un grabador incorporado para que puedas guardar tus composiciones y escucharlas cuando quieras.<\/p>\n","protected":false},"featured_media":5290,"comment_status":"open","ping_status":"closed","template":"","meta":{"_monsterinsights_skip_tracking":false,"_monsterinsights_sitenote_active":false,"_monsterinsights_sitenote_note":"","_monsterinsights_sitenote_category":0},"product_cat":[211],"product_tag":[106,139],"class_list":{"0":"post-5285","1":"product","2":"type-product","3":"status-publish","4":"has-post-thumbnail","6":"product_brand-mitzu","7":"product_cat-instrumentos-musicales","8":"product_tag-mobile","9":"product_tag-technologies","10":"product_shipping_class-gopro-236","12":"first","13":"instock","14":"shipping-taxable","15":"purchasable","16":"product-type-simple","17":"col-xs-6 col-sm-4","18":"col-mf-5","19":"un-5-cols"},"aioseo_notices":[],"_links":{"self":[{"href":"https:\/\/onecode-media.com\/aztekaec\/wp-json\/wp\/v2\/product\/5285","targetHints":{"allow":["GET"]}}],"collection":[{"href":"https:\/\/onecode-media.com\/aztekaec\/wp-json\/wp\/v2\/product"}],"about":[{"href":"https:\/\/onecode-media.com\/aztekaec\/wp-json\/wp\/v2\/types\/product"}],"replies":[{"embeddable":true,"href":"https:\/\/onecode-media.com\/aztekaec\/wp-json\/wp\/v2\/comments?post=5285"}],"wp:featuredmedia":[{"embeddable":true,"href":"https:\/\/onecode-media.com\/aztekaec\/wp-json\/wp\/v2\/media\/5290"}],"wp:attachment":[{"href":"https:\/\/onecode-media.com\/aztekaec\/wp-json\/wp\/v2\/media?parent=5285"}],"wp:term":[{"taxonomy":"product_cat","embeddable":true,"href":"https:\/\/onecode-media.com\/aztekaec\/wp-json\/wp\/v2\/product_cat?post=5285"},{"taxonomy":"product_tag","embeddable":true,"href":"https:\/\/onecode-media.com\/aztekaec\/wp-json\/wp\/v2\/product_tag?post=5285"}],"curies":[{"name":"wp","href":"https:\/\/api.w.org\/{rel}","templated":true}]}}