{"id":5277,"date":"2026-03-13T20:02:18","date_gmt":"2026-03-13T20:02:18","guid":{"rendered":"https:\/\/onecode-media.com\/aztekaec\/?post_type=product&#038;p=5277"},"modified":"2026-03-13T20:05:22","modified_gmt":"2026-03-13T20:05:22","slug":"foco-inteligente-wi-fi-luz-led","status":"publish","type":"product","link":"https:\/\/onecode-media.com\/aztekaec\/producto\/foco-inteligente-wi-fi-luz-led\/","title":{"rendered":"Foco inteligente Wi-Fi luz LED"},"content":{"rendered":"<p><strong>Foco Inteligente Wi-Fi LED<\/strong><br \/>\nControla tu iluminaci\u00f3n desde el celular<\/p>\n<p>Transforma tu espacio con el Foco inteligente Wi-Fi luz LED, dise\u00f1ado para darle a tu hogar un toque moderno, vers\u00e1til y conectado. Con solo tu smartphone podr\u00e1s controlar la intensidad, el color y los horarios de encendido o apagado, creando ambientes \u00fanicos para cada momento del d\u00eda.<\/p>\n<p>Gracias a su conexi\u00f3n Wi-Fi, no necesitas hubs ni accesorios adicionales: basta con instalarlo y sincronizarlo con tu app favorita para empezar a disfrutar. Adem\u00e1s, es compatible con asistentes de voz como Alexa y Google Assistant, lo que te permite encender, apagar o cambiar el color de la luz con simples comandos de voz.<\/p>\n<p>Ya sea que quieras un ambiente relajante, un setup gamer lleno de color o la mejor iluminaci\u00f3n para trabajar y estudiar, este foco LED inteligente te da la libertad de personalizar tu espacio al m\u00e1ximo.<\/p>\n<p>Beneficios destacados<\/p>\n<ul>\n<li>Control remoto desde el celular mediante Wi-Fi.<\/li>\n<li>Compatible con asistentes de voz (Alexa y Google Assistant).<\/li>\n<li>Cambio de colores y ajuste de brillo para diferentes ambientes.<\/li>\n<li>Programaci\u00f3n de horarios para mayor comodidad.<\/li>\n<li>Instalaci\u00f3n sencilla, como cualquier foco est\u00e1ndar.<\/li>\n<li>Eficiencia energ\u00e9tica LED, mayor duraci\u00f3n y menor consumo.<\/li>\n<\/ul>\n<p>Con el Foco inteligente Wi-Fi luz LED tendr\u00e1s en tus manos el poder de la iluminaci\u00f3n: pr\u00e1ctico, eficiente y perfecto para expresar tu estilo.<\/p>\n","protected":false},"excerpt":{"rendered":"<p><strong>Foco Inteligente Wi-Fi LED<\/strong><br \/>\nControla tu iluminaci\u00f3n desde el celular<\/p>\n<p>Transforma tu espacio con el Foco inteligente Wi-Fi luz LED, dise\u00f1ado para darle a tu hogar un toque moderno, vers\u00e1til y conectado. Con solo tu smartphone podr\u00e1s controlar la intensidad, el color y los horarios de encendido o apagado, creando ambientes \u00fanicos para cada momento del d\u00eda.<\/p>\n","protected":false},"featured_media":5281,"comment_status":"open","ping_status":"closed","template":"","meta":{"_monsterinsights_skip_tracking":false,"_monsterinsights_sitenote_active":false,"_monsterinsights_sitenote_note":"","_monsterinsights_sitenote_category":0},"product_cat":[111],"product_tag":[106,139],"class_list":{"0":"post-5277","1":"product","2":"type-product","3":"status-publish","4":"has-post-thumbnail","6":"product_brand-mitzu","7":"product_cat-energia","8":"product_tag-mobile","9":"product_tag-technologies","10":"product_shipping_class-gopro-236","12":"first","13":"instock","14":"shipping-taxable","15":"purchasable","16":"product-type-simple","17":"col-xs-6 col-sm-4","18":"col-mf-5","19":"un-5-cols"},"aioseo_notices":[],"_links":{"self":[{"href":"https:\/\/onecode-media.com\/aztekaec\/wp-json\/wp\/v2\/product\/5277","targetHints":{"allow":["GET"]}}],"collection":[{"href":"https:\/\/onecode-media.com\/aztekaec\/wp-json\/wp\/v2\/product"}],"about":[{"href":"https:\/\/onecode-media.com\/aztekaec\/wp-json\/wp\/v2\/types\/product"}],"replies":[{"embeddable":true,"href":"https:\/\/onecode-media.com\/aztekaec\/wp-json\/wp\/v2\/comments?post=5277"}],"wp:featuredmedia":[{"embeddable":true,"href":"https:\/\/onecode-media.com\/aztekaec\/wp-json\/wp\/v2\/media\/5281"}],"wp:attachment":[{"href":"https:\/\/onecode-media.com\/aztekaec\/wp-json\/wp\/v2\/media?parent=5277"}],"wp:term":[{"taxonomy":"product_cat","embeddable":true,"href":"https:\/\/onecode-media.com\/aztekaec\/wp-json\/wp\/v2\/product_cat?post=5277"},{"taxonomy":"product_tag","embeddable":true,"href":"https:\/\/onecode-media.com\/aztekaec\/wp-json\/wp\/v2\/product_tag?post=5277"}],"curies":[{"name":"wp","href":"https:\/\/api.w.org\/{rel}","templated":true}]}}