{"id":5268,"date":"2026-03-13T20:00:36","date_gmt":"2026-03-13T20:00:36","guid":{"rendered":"https:\/\/onecode-media.com\/aztekaec\/?post_type=product&#038;p=5268"},"modified":"2026-03-13T20:02:00","modified_gmt":"2026-03-13T20:02:00","slug":"contacto-inteligente-wifi","status":"publish","type":"product","link":"https:\/\/onecode-media.com\/aztekaec\/producto\/contacto-inteligente-wifi\/","title":{"rendered":"CONTACTO INTELIGENTE WIFI"},"content":{"rendered":"<p>Controla tus dispositivos desde cualquier lugar<br \/>\nEl contacto inteligente Wi-Fi MSH-3008 te permite convertir cualquier enchufe convencional en un punto de control inteligente. Con\u00e9ctalo a tu red Wi-Fi y gestiona f\u00e1cilmente tus aparatos el\u00e9ctricos desde tu smartphone o tablet mediante una app compatible, sin necesidad de un hub adicional.<\/p>\n<p>Gracias a su dise\u00f1o compacto y f\u00e1cil de usar, puedes encender o apagar electrodom\u00e9sticos, l\u00e1mparas, ventiladores y m\u00e1s, est\u00e9s donde est\u00e9s. Adem\u00e1s, puedes programar horarios, establecer temporizadores y crear automatizaciones que se adapten a tu rutina diaria, lo que te ayuda a ahorrar energ\u00eda y tener mayor comodidad.<\/p>\n<p>Compatible con asistentes de voz como Amazon Alexa\u00ae y Google Assistant\u00ae, el MSH-3008 te ofrece una experiencia manos libres para controlar tus dispositivos con simples comandos de voz.<\/p>\n","protected":false},"excerpt":{"rendered":"<p>Controla tus dispositivos desde cualquier lugar<br \/>\nEl contacto inteligente Wi-Fi MSH-3008 te permite convertir cualquier enchufe convencional en un punto de control inteligente. Con\u00e9ctalo a tu red Wi-Fi y gestiona f\u00e1cilmente tus aparatos el\u00e9ctricos desde tu smartphone o tablet mediante una app compatible, sin necesidad de un hub adicional.<\/p>\n<p>Gracias a su dise\u00f1o compacto y f\u00e1cil de usar, puedes encender o apagar electrodom\u00e9sticos, l\u00e1mparas, ventiladores y m\u00e1s, est\u00e9s donde est\u00e9s. Adem\u00e1s, puedes programar horarios, establecer temporizadores y crear automatizaciones que se adapten a tu rutina diaria, lo que te ayuda a ahorrar energ\u00eda y tener mayor comodidad.<\/p>\n<p>Compatible con asistentes de voz como Amazon Alexa\u00ae y Google Assistant\u00ae, el MSH-3008 te ofrece una experiencia manos libres para controlar tus dispositivos con simples comandos de voz.<\/p>\n","protected":false},"featured_media":5269,"comment_status":"open","ping_status":"closed","template":"","meta":{"_monsterinsights_skip_tracking":false,"_monsterinsights_sitenote_active":false,"_monsterinsights_sitenote_note":"","_monsterinsights_sitenote_category":0},"product_cat":[111],"product_tag":[106,139],"class_list":{"0":"post-5268","1":"product","2":"type-product","3":"status-publish","4":"has-post-thumbnail","6":"product_brand-mitzu","7":"product_cat-energia","8":"product_tag-mobile","9":"product_tag-technologies","10":"product_shipping_class-gopro-236","12":"first","13":"instock","14":"shipping-taxable","15":"purchasable","16":"product-type-simple","17":"col-xs-6 col-sm-4","18":"col-mf-5","19":"un-5-cols"},"aioseo_notices":[],"_links":{"self":[{"href":"https:\/\/onecode-media.com\/aztekaec\/wp-json\/wp\/v2\/product\/5268","targetHints":{"allow":["GET"]}}],"collection":[{"href":"https:\/\/onecode-media.com\/aztekaec\/wp-json\/wp\/v2\/product"}],"about":[{"href":"https:\/\/onecode-media.com\/aztekaec\/wp-json\/wp\/v2\/types\/product"}],"replies":[{"embeddable":true,"href":"https:\/\/onecode-media.com\/aztekaec\/wp-json\/wp\/v2\/comments?post=5268"}],"wp:featuredmedia":[{"embeddable":true,"href":"https:\/\/onecode-media.com\/aztekaec\/wp-json\/wp\/v2\/media\/5269"}],"wp:attachment":[{"href":"https:\/\/onecode-media.com\/aztekaec\/wp-json\/wp\/v2\/media?parent=5268"}],"wp:term":[{"taxonomy":"product_cat","embeddable":true,"href":"https:\/\/onecode-media.com\/aztekaec\/wp-json\/wp\/v2\/product_cat?post=5268"},{"taxonomy":"product_tag","embeddable":true,"href":"https:\/\/onecode-media.com\/aztekaec\/wp-json\/wp\/v2\/product_tag?post=5268"}],"curies":[{"name":"wp","href":"https:\/\/api.w.org\/{rel}","templated":true}]}}