{"id":5262,"date":"2026-03-13T19:58:30","date_gmt":"2026-03-13T19:58:30","guid":{"rendered":"https:\/\/onecode-media.com\/aztekaec\/?post_type=product&#038;p=5262"},"modified":"2026-03-13T19:58:30","modified_gmt":"2026-03-13T19:58:30","slug":"one-body-2x8-gran-infinity-curvo-ksr-link-msa-2073m","status":"publish","type":"product","link":"https:\/\/onecode-media.com\/aztekaec\/producto\/one-body-2x8-gran-infinity-curvo-ksr-link-msa-2073m\/","title":{"rendered":"ONE BODY 2X8&#8243; GRAN INFINITY CURVO KSR-LINK &#8211; MSA-2073M"},"content":{"rendered":"<p>Disfruta de sonido potente y vers\u00e1til con el MITZU MSA-2073M, un bafle recargable de alto rendimiento dise\u00f1ado para acompa\u00f1ar tus mejores momentos. Con dos woofers de 8\u201d, conectividad inal\u00e1mbrica y controles completos, este equipo es perfecto para reproducir tu m\u00fasica favorita, cantar karaoke o animar cualquier reuni\u00f3n social.<\/p>\n","protected":false},"excerpt":{"rendered":"<p>Disfruta de sonido potente y vers\u00e1til con el MITZU MSA-2073M, un bafle recargable de alto rendimiento dise\u00f1ado para acompa\u00f1ar tus mejores momentos. Con dos woofers de 8\u201d, conectividad inal\u00e1mbrica y controles completos, este equipo es perfecto para reproducir tu m\u00fasica favorita, cantar karaoke o animar cualquier reuni\u00f3n social.<\/p>\n","protected":false},"featured_media":5267,"comment_status":"open","ping_status":"closed","template":"","meta":{"_monsterinsights_skip_tracking":false,"_monsterinsights_sitenote_active":false,"_monsterinsights_sitenote_note":"","_monsterinsights_sitenote_category":0},"product_cat":[68],"product_tag":[106,139],"class_list":{"0":"post-5262","1":"product","2":"type-product","3":"status-publish","4":"has-post-thumbnail","6":"product_brand-mitzu","7":"product_cat-audio","8":"product_tag-mobile","9":"product_tag-technologies","10":"product_shipping_class-gopro-236","12":"first","13":"instock","14":"shipping-taxable","15":"purchasable","16":"product-type-simple","17":"col-xs-6 col-sm-4","18":"col-mf-5","19":"un-5-cols"},"aioseo_notices":[],"_links":{"self":[{"href":"https:\/\/onecode-media.com\/aztekaec\/wp-json\/wp\/v2\/product\/5262","targetHints":{"allow":["GET"]}}],"collection":[{"href":"https:\/\/onecode-media.com\/aztekaec\/wp-json\/wp\/v2\/product"}],"about":[{"href":"https:\/\/onecode-media.com\/aztekaec\/wp-json\/wp\/v2\/types\/product"}],"replies":[{"embeddable":true,"href":"https:\/\/onecode-media.com\/aztekaec\/wp-json\/wp\/v2\/comments?post=5262"}],"wp:featuredmedia":[{"embeddable":true,"href":"https:\/\/onecode-media.com\/aztekaec\/wp-json\/wp\/v2\/media\/5267"}],"wp:attachment":[{"href":"https:\/\/onecode-media.com\/aztekaec\/wp-json\/wp\/v2\/media?parent=5262"}],"wp:term":[{"taxonomy":"product_cat","embeddable":true,"href":"https:\/\/onecode-media.com\/aztekaec\/wp-json\/wp\/v2\/product_cat?post=5262"},{"taxonomy":"product_tag","embeddable":true,"href":"https:\/\/onecode-media.com\/aztekaec\/wp-json\/wp\/v2\/product_tag?post=5262"}],"curies":[{"name":"wp","href":"https:\/\/api.w.org\/{rel}","templated":true}]}}