{"id":5252,"date":"2026-03-13T19:55:47","date_gmt":"2026-03-13T19:55:47","guid":{"rendered":"https:\/\/onecode-media.com\/aztekaec\/?post_type=product&#038;p=5252"},"modified":"2026-03-13T19:56:26","modified_gmt":"2026-03-13T19:56:26","slug":"bb-8-luz-eq-ksr-link","status":"publish","type":"product","link":"https:\/\/onecode-media.com\/aztekaec\/producto\/bb-8-luz-eq-ksr-link\/","title":{"rendered":"BB 8&#8243; LUZ EQ KSR-LINK &#8211; MSA-0108"},"content":{"rendered":"<p>Lleva tu m\u00fasica a cualquier lugar con el Bafle Amplificado MITZU MSA-0108, dise\u00f1ado para quienes disfrutan de sonido claro, potente y sin complicaciones. Con un woofer de 8 pulgadas y m\u00faltiples opciones de conexi\u00f3n, este bafle es perfecto para fiestas, reuniones familiares, eventos y diversi\u00f3n en casa.<\/p>\n","protected":false},"excerpt":{"rendered":"<p>Lleva tu m\u00fasica a cualquier lugar con el Bafle Amplificado MITZU MSA-0108, dise\u00f1ado para quienes disfrutan de sonido claro, potente y sin complicaciones. Con un woofer de 8 pulgadas y m\u00faltiples opciones de conexi\u00f3n, este bafle es perfecto para fiestas, reuniones familiares, eventos y diversi\u00f3n en casa.<\/p>\n","protected":false},"featured_media":5256,"comment_status":"open","ping_status":"closed","template":"","meta":{"_monsterinsights_skip_tracking":false,"_monsterinsights_sitenote_active":false,"_monsterinsights_sitenote_note":"","_monsterinsights_sitenote_category":0},"product_cat":[68],"product_tag":[106,139],"class_list":{"0":"post-5252","1":"product","2":"type-product","3":"status-publish","4":"has-post-thumbnail","6":"product_brand-mitzu","7":"product_cat-audio","8":"product_tag-mobile","9":"product_tag-technologies","10":"product_shipping_class-gopro-236","12":"first","13":"instock","14":"shipping-taxable","15":"purchasable","16":"product-type-simple","17":"col-xs-6 col-sm-4","18":"col-mf-5","19":"un-5-cols"},"aioseo_notices":[],"_links":{"self":[{"href":"https:\/\/onecode-media.com\/aztekaec\/wp-json\/wp\/v2\/product\/5252","targetHints":{"allow":["GET"]}}],"collection":[{"href":"https:\/\/onecode-media.com\/aztekaec\/wp-json\/wp\/v2\/product"}],"about":[{"href":"https:\/\/onecode-media.com\/aztekaec\/wp-json\/wp\/v2\/types\/product"}],"replies":[{"embeddable":true,"href":"https:\/\/onecode-media.com\/aztekaec\/wp-json\/wp\/v2\/comments?post=5252"}],"wp:featuredmedia":[{"embeddable":true,"href":"https:\/\/onecode-media.com\/aztekaec\/wp-json\/wp\/v2\/media\/5256"}],"wp:attachment":[{"href":"https:\/\/onecode-media.com\/aztekaec\/wp-json\/wp\/v2\/media?parent=5252"}],"wp:term":[{"taxonomy":"product_cat","embeddable":true,"href":"https:\/\/onecode-media.com\/aztekaec\/wp-json\/wp\/v2\/product_cat?post=5252"},{"taxonomy":"product_tag","embeddable":true,"href":"https:\/\/onecode-media.com\/aztekaec\/wp-json\/wp\/v2\/product_tag?post=5252"}],"curies":[{"name":"wp","href":"https:\/\/api.w.org\/{rel}","templated":true}]}}