{"id":5241,"date":"2026-03-13T19:46:46","date_gmt":"2026-03-13T19:46:46","guid":{"rendered":"https:\/\/onecode-media.com\/aztekaec\/?post_type=product&#038;p=5241"},"modified":"2026-03-13T19:46:46","modified_gmt":"2026-03-13T19:46:46","slug":"xtreme-box-6-5-luz-flama-ksr-link-kxb-3065","status":"publish","type":"product","link":"https:\/\/onecode-media.com\/aztekaec\/producto\/xtreme-box-6-5-luz-flama-ksr-link-kxb-3065\/","title":{"rendered":"XTREME BOX 6.5&#8243; LUZ FLAMA KSR-LINK &#8211; KXB-3065"},"content":{"rendered":"<p>Descubre el Gran sonido de nuestro Bafle Estudio Kaiser<br \/>\nEl KXB-3065 es la opci\u00f3n ideal para quienes buscan calidad de sonido y versatilidad en un solo dispositivo. Con una potencia de salida de 40 Watts y una configuraci\u00f3n de canales 2.1, este bafle amplificado ofrece un rendimiento excepcional tanto en interiores como en exteriores.<\/p>\n<p>Toca tu m\u00fasica favorita en cualquier lugar<br \/>\nSu dise\u00f1o port\u00e1til y su conectividad inal\u00e1mbrica a trav\u00e9s de Bluetooth permiten disfrutar de la m\u00fasica en cualquier lugar, sin complicaciones.<\/p>\n<p>Permanece el tiempo que quieras con tu m\u00fasica conectada<br \/>\nLa bater\u00eda recargable proporciona hasta 7 horas de autonom\u00eda, lo que lo convierte en un compa\u00f1ero perfecto para fiestas, reuniones o simplemente para disfrutar de tu m\u00fasica favorita.<\/p>\n<p>Canta y suena como un profesional<br \/>\nAdem\u00e1s, cuenta con funciones de karaoke y un micr\u00f3fono incluido, lo que lo hace ideal para animar cualquier evento. Las luces LED a\u00f1aden un toque visual atractivo, creando un ambiente festivo.<\/p>\n<p>Toma el control y disfruta cada momento<br \/>\nEl KXB-3065 tambi\u00e9n incluye un modo manos libres, facilitando la recepci\u00f3n de llamadas sin necesidad de interrumpir la m\u00fasica. Su dise\u00f1o resistente y su funcionalidad lo hacen adecuado para diversas ocasiones, aunque no es a prueba de agua. Con este bafle, cada momento se convierte en un<\/p>\n","protected":false},"excerpt":{"rendered":"<p>Descubre el Gran sonido de nuestro Bafle Estudio Kaiser<br \/>\nEl KXB-3065 es la opci\u00f3n ideal para quienes buscan calidad de sonido y versatilidad en un solo dispositivo. Con una potencia de salida de 40 Watts y una configuraci\u00f3n de canales 2.1, este bafle amplificado ofrece un rendimiento excepcional tanto en interiores como en exteriores.<\/p>\n","protected":false},"featured_media":5246,"comment_status":"open","ping_status":"closed","template":"","meta":{"_monsterinsights_skip_tracking":false,"_monsterinsights_sitenote_active":false,"_monsterinsights_sitenote_note":"","_monsterinsights_sitenote_category":0},"product_cat":[68],"product_tag":[106,139],"class_list":{"0":"post-5241","1":"product","2":"type-product","3":"status-publish","4":"has-post-thumbnail","6":"product_brand-mitzu","7":"product_cat-audio","8":"product_tag-mobile","9":"product_tag-technologies","10":"product_shipping_class-gopro-236","12":"first","13":"instock","14":"shipping-taxable","15":"purchasable","16":"product-type-simple","17":"col-xs-6 col-sm-4","18":"col-mf-5","19":"un-5-cols"},"aioseo_notices":[],"_links":{"self":[{"href":"https:\/\/onecode-media.com\/aztekaec\/wp-json\/wp\/v2\/product\/5241","targetHints":{"allow":["GET"]}}],"collection":[{"href":"https:\/\/onecode-media.com\/aztekaec\/wp-json\/wp\/v2\/product"}],"about":[{"href":"https:\/\/onecode-media.com\/aztekaec\/wp-json\/wp\/v2\/types\/product"}],"replies":[{"embeddable":true,"href":"https:\/\/onecode-media.com\/aztekaec\/wp-json\/wp\/v2\/comments?post=5241"}],"wp:featuredmedia":[{"embeddable":true,"href":"https:\/\/onecode-media.com\/aztekaec\/wp-json\/wp\/v2\/media\/5246"}],"wp:attachment":[{"href":"https:\/\/onecode-media.com\/aztekaec\/wp-json\/wp\/v2\/media?parent=5241"}],"wp:term":[{"taxonomy":"product_cat","embeddable":true,"href":"https:\/\/onecode-media.com\/aztekaec\/wp-json\/wp\/v2\/product_cat?post=5241"},{"taxonomy":"product_tag","embeddable":true,"href":"https:\/\/onecode-media.com\/aztekaec\/wp-json\/wp\/v2\/product_tag?post=5241"}],"curies":[{"name":"wp","href":"https:\/\/api.w.org\/{rel}","templated":true}]}}