{"id":5234,"date":"2026-03-13T19:42:10","date_gmt":"2026-03-13T19:42:10","guid":{"rendered":"https:\/\/onecode-media.com\/aztekaec\/?post_type=product&#038;p=5234"},"modified":"2026-03-13T19:42:40","modified_gmt":"2026-03-13T19:42:40","slug":"xtreme-box-3-5-tw-1-5-circle-light-ksr-link-kxb-2035gy","status":"publish","type":"product","link":"https:\/\/onecode-media.com\/aztekaec\/producto\/xtreme-box-3-5-tw-1-5-circle-light-ksr-link-kxb-2035gy\/","title":{"rendered":"XTREME BOX 3.5&#8243; + TW 1.5&#8243; CIRCLE LIGHT KSR-LINK &#8211; KXB-2035GY"},"content":{"rendered":"<p>H4-Bocina Port\u00e1til Recargable 30 W RMS \u2013 Gris | Sonido potente y dise\u00f1o moderno|| ||Lleva tu m\u00fasica a todas partes con la Bocina Port\u00e1til Recargable de 30 W RMS en color gris, dise\u00f1ada para quienes buscan potencia, estilo y movilidad en un solo dispositivo. Su dise\u00f1o moderno y compacto se adapta a cualquier espacio, desde tu habitaci\u00f3n hasta tus aventuras al aire libre, permiti\u00e9ndote disfrutar de tus canciones favoritas con la mejor calidad de Sonido.<\/p>\n","protected":false},"excerpt":{"rendered":"<p>H4-Bocina Port\u00e1til Recargable 30 W RMS \u2013 Gris | Sonido potente y dise\u00f1o moderno|| ||Lleva tu m\u00fasica a todas partes con la Bocina Port\u00e1til Recargable de 30 W RMS en color gris, dise\u00f1ada para quienes buscan potencia, estilo y movilidad en un solo dispositivo. Su dise\u00f1o moderno y compacto se adapta a cualquier espacio, desde tu habitaci\u00f3n hasta tus aventuras al aire libre, permiti\u00e9ndote disfrutar de tus canciones favoritas con la mejor calidad de Sonido.<\/p>\n","protected":false},"featured_media":5239,"comment_status":"open","ping_status":"closed","template":"","meta":{"_monsterinsights_skip_tracking":false,"_monsterinsights_sitenote_active":false,"_monsterinsights_sitenote_note":"","_monsterinsights_sitenote_category":0},"product_cat":[68],"product_tag":[106,139],"class_list":{"0":"post-5234","1":"product","2":"type-product","3":"status-publish","4":"has-post-thumbnail","6":"product_brand-mitzu","7":"product_cat-audio","8":"product_tag-mobile","9":"product_tag-technologies","10":"product_shipping_class-gopro-236","12":"first","13":"instock","14":"shipping-taxable","15":"purchasable","16":"product-type-simple","17":"col-xs-6 col-sm-4","18":"col-mf-5","19":"un-5-cols"},"aioseo_notices":[],"_links":{"self":[{"href":"https:\/\/onecode-media.com\/aztekaec\/wp-json\/wp\/v2\/product\/5234","targetHints":{"allow":["GET"]}}],"collection":[{"href":"https:\/\/onecode-media.com\/aztekaec\/wp-json\/wp\/v2\/product"}],"about":[{"href":"https:\/\/onecode-media.com\/aztekaec\/wp-json\/wp\/v2\/types\/product"}],"replies":[{"embeddable":true,"href":"https:\/\/onecode-media.com\/aztekaec\/wp-json\/wp\/v2\/comments?post=5234"}],"wp:featuredmedia":[{"embeddable":true,"href":"https:\/\/onecode-media.com\/aztekaec\/wp-json\/wp\/v2\/media\/5239"}],"wp:attachment":[{"href":"https:\/\/onecode-media.com\/aztekaec\/wp-json\/wp\/v2\/media?parent=5234"}],"wp:term":[{"taxonomy":"product_cat","embeddable":true,"href":"https:\/\/onecode-media.com\/aztekaec\/wp-json\/wp\/v2\/product_cat?post=5234"},{"taxonomy":"product_tag","embeddable":true,"href":"https:\/\/onecode-media.com\/aztekaec\/wp-json\/wp\/v2\/product_tag?post=5234"}],"curies":[{"name":"wp","href":"https:\/\/api.w.org\/{rel}","templated":true}]}}