{"id":5129,"date":"2026-03-12T23:22:45","date_gmt":"2026-03-12T23:22:45","guid":{"rendered":"https:\/\/onecode-media.com\/aztekaec\/?post_type=product&#038;p=5129"},"modified":"2026-03-13T00:12:39","modified_gmt":"2026-03-13T00:12:39","slug":"sistema-de-teatro-en-casa-2-1-ch-con-barra-de-sonido-de-96cm-optica-bt-aux-usb-hdmi-remot-30w-30w-rms","status":"publish","type":"product","link":"https:\/\/onecode-media.com\/aztekaec\/producto\/sistema-de-teatro-en-casa-2-1-ch-con-barra-de-sonido-de-96cm-optica-bt-aux-usb-hdmi-remot-30w-30w-rms\/","title":{"rendered":"SISTEMA DE TEATRO EN CASA 2.1 CH CON BARRA DE SONIDO DE 96CM"},"content":{"rendered":"<p>Experiencias inmersivas y audibles<br \/>\nLa barra de sonido Kaiser 2.1 canales y subwoofer, modelo KBS-4060, es la opci\u00f3n perfecta para aquellos que buscan una experiencia de audio inmersiva en su hogar. Con su dise\u00f1o elegante y compacto, esta barra de sonido se adapta f\u00e1cilmente a cualquier espacio, ya sea en la sala de estar, el dormitorio o incluso en la oficina.<\/p>\n<p>Sum\u00e9rgete en gran sonido desde la sala de tu casa<br \/>\nCon una potencia de salida de 60W, la barra de sonido Kaiser KBS-4060 ofrece un sonido claro y envolvente que te sumergir\u00e1 en tus pel\u00edculas, series y m\u00fasica favorita. Adem\u00e1s, su subwoofer incorporado a\u00f1ade un extra de profundidad y potencia a los graves, para que puedas disfrutar de un sonido de alta calidad en todo momento.<\/p>\n<p>Conectividad y almacenamiento<br \/>\nGracias a su conectividad Bluetooth, podr\u00e1s reproducir de forma inal\u00e1mbrica tus canciones favoritas desde tu smartphone, tablet u otro dispositivo compatible. Adem\u00e1s, cuenta con entrada USB y ranura para tarjeta SD, para que puedas reproducir tus archivos de m\u00fasica almacenados de forma r\u00e1pida y sencilla.<\/p>\n<p>Mando a distancia y total autonom\u00eda<br \/>\nLa barra de sonido Kaiser KBS-4060 tambi\u00e9n incluye un mando a distancia, para que puedas controlar todas sus funciones de forma c\u00f3moda y pr\u00e1ctica desde cualquier lugar de la habitaci\u00f3n. Adem\u00e1s, cuenta con diferentes modos de sonido preestablecidos, como cine, m\u00fasica y deportes, para que puedas adaptar la experiencia de audio a tus preferencias.<\/p>\n<p>Comienza la experiencia<br \/>\nNo pierdas la oportunidad de mejorar tu experiencia de entretenimiento en casa con la barra de sonido Kaiser 2.1 canales y subwoofer, modelo KBS-4060. Disfruta de un sonido envolvente y potente, con un dise\u00f1o elegante y compacto que se adapta a cualquier espacio. \u00a1Hazte con ella ahora y vive una experiencia de audio \u00fanica!<\/p>\n","protected":false},"excerpt":{"rendered":"<p>Experiencias inmersivas y audibles<br \/>\nLa barra de sonido Kaiser 2.1 canales y subwoofer, modelo KBS-4060, es la opci\u00f3n perfecta para aquellos que buscan una experiencia de audio inmersiva en su hogar. Con su dise\u00f1o elegante y compacto, esta barra de sonido se adapta f\u00e1cilmente a cualquier espacio, ya sea en la sala de estar, el dormitorio o incluso en la oficina.ca!<\/p>\n","protected":false},"featured_media":5132,"comment_status":"open","ping_status":"closed","template":"","meta":{"_monsterinsights_skip_tracking":false,"_monsterinsights_sitenote_active":false,"_monsterinsights_sitenote_note":"","_monsterinsights_sitenote_category":0},"product_cat":[68],"product_tag":[106,139],"class_list":{"0":"post-5129","1":"product","2":"type-product","3":"status-publish","4":"has-post-thumbnail","6":"product_brand-mitzu","7":"product_cat-audio","8":"product_tag-mobile","9":"product_tag-technologies","10":"product_shipping_class-gopro-236","12":"first","13":"instock","14":"shipping-taxable","15":"purchasable","16":"product-type-simple","17":"col-xs-6 col-sm-4","18":"col-mf-5","19":"un-5-cols"},"aioseo_notices":[],"_links":{"self":[{"href":"https:\/\/onecode-media.com\/aztekaec\/wp-json\/wp\/v2\/product\/5129","targetHints":{"allow":["GET"]}}],"collection":[{"href":"https:\/\/onecode-media.com\/aztekaec\/wp-json\/wp\/v2\/product"}],"about":[{"href":"https:\/\/onecode-media.com\/aztekaec\/wp-json\/wp\/v2\/types\/product"}],"replies":[{"embeddable":true,"href":"https:\/\/onecode-media.com\/aztekaec\/wp-json\/wp\/v2\/comments?post=5129"}],"wp:featuredmedia":[{"embeddable":true,"href":"https:\/\/onecode-media.com\/aztekaec\/wp-json\/wp\/v2\/media\/5132"}],"wp:attachment":[{"href":"https:\/\/onecode-media.com\/aztekaec\/wp-json\/wp\/v2\/media?parent=5129"}],"wp:term":[{"taxonomy":"product_cat","embeddable":true,"href":"https:\/\/onecode-media.com\/aztekaec\/wp-json\/wp\/v2\/product_cat?post=5129"},{"taxonomy":"product_tag","embeddable":true,"href":"https:\/\/onecode-media.com\/aztekaec\/wp-json\/wp\/v2\/product_tag?post=5129"}],"curies":[{"name":"wp","href":"https:\/\/api.w.org\/{rel}","templated":true}]}}