{"id":5111,"date":"2026-03-12T23:14:35","date_gmt":"2026-03-12T23:14:35","guid":{"rendered":"https:\/\/onecode-media.com\/aztekaec\/?post_type=product&#038;p=5111"},"modified":"2026-03-13T00:13:06","modified_gmt":"2026-03-13T00:13:06","slug":"boom-box-luz-rgb-ksr-link-recar-bt-fm-micro-sd-manos-libres-40w-azul","status":"publish","type":"product","link":"https:\/\/onecode-media.com\/aztekaec\/producto\/boom-box-luz-rgb-ksr-link-recar-bt-fm-micro-sd-manos-libres-40w-azul\/","title":{"rendered":"BOOM BOX LUZ RGB KSR-LINK"},"content":{"rendered":"<p>H4-Bocina port\u00e1til de 3&#8243; con hasta 12 horas de bater\u00eda, azul | Modelo KBL-3020BL|| ||Lleva la m\u00fasica contigo a todas partes con la bocina port\u00e1til modelo KBL-3020BL. Dise\u00f1ada para ofrecer un gran rendimiento en un formato compacto, esta bocina cuenta con un altavoz de 3 pulgadas que proporciona un sonido claro y potente, perfecto para disfrutar de tus playlists, podcasts o estaciones favoritas donde quiera que est\u00e9s.|| ||Su bater\u00eda recargable de larga duraci\u00f3n te da hasta 12 horas de reproducci\u00f3n continua, ideal para viajes, picnics, caminatas o cualquier actividad al aire libre sin preocuparte por recargarla constantemente.|| ||El dise\u00f1o compacto y moderno en color azul le da un toque vibrante y juvenil, mientras que su estructura resistente facilita su transportaci\u00f3n y uso diario. Ya sea en interiores o exteriores, esta bocina se adapta a tu ritmo de vida.<\/p>\n","protected":false},"excerpt":{"rendered":"<p>H4-Bocina port\u00e1til de 3&#8243; con hasta 12 horas de bater\u00eda, azul | Modelo KBL-3020BL|| ||Lleva la m\u00fasica contigo a todas partes con la bocina port\u00e1til modelo KBL-3020BL. Dise\u00f1ada para ofrecer un gran rendimiento en un formato compacto, esta bocina cuenta con un altavoz de 3 pulgadas que proporciona un sonido claro y potente, perfecto para disfrutar de tus playlists, podcasts o estaciones favoritas donde quiera que est\u00e9s.|| ||Su bater\u00eda recargable de larga duraci\u00f3n te da hasta 12 horas de reproducci\u00f3n continua, ideal para viajes, picnics, caminatas o cualquier actividad al aire libre sin preocuparte por recargarla constantemente.|| ||El dise\u00f1o compacto y moderno en color azul le da un toque vibrante y juvenil, mientras que su estructura resistente facilita su transportaci\u00f3n y uso diario. Ya sea en interiores o exteriores, esta bocina se adapta a tu ritmo de vida.<\/p>\n","protected":false},"featured_media":5114,"comment_status":"open","ping_status":"closed","template":"","meta":{"_monsterinsights_skip_tracking":false,"_monsterinsights_sitenote_active":false,"_monsterinsights_sitenote_note":"","_monsterinsights_sitenote_category":0},"product_cat":[68],"product_tag":[106,139],"class_list":{"0":"post-5111","1":"product","2":"type-product","3":"status-publish","4":"has-post-thumbnail","6":"product_brand-mitzu","7":"product_cat-audio","8":"product_tag-mobile","9":"product_tag-technologies","10":"product_shipping_class-gopro-236","12":"first","13":"instock","14":"shipping-taxable","15":"purchasable","16":"product-type-simple","17":"col-xs-6 col-sm-4","18":"col-mf-5","19":"un-5-cols"},"aioseo_notices":[],"_links":{"self":[{"href":"https:\/\/onecode-media.com\/aztekaec\/wp-json\/wp\/v2\/product\/5111","targetHints":{"allow":["GET"]}}],"collection":[{"href":"https:\/\/onecode-media.com\/aztekaec\/wp-json\/wp\/v2\/product"}],"about":[{"href":"https:\/\/onecode-media.com\/aztekaec\/wp-json\/wp\/v2\/types\/product"}],"replies":[{"embeddable":true,"href":"https:\/\/onecode-media.com\/aztekaec\/wp-json\/wp\/v2\/comments?post=5111"}],"wp:featuredmedia":[{"embeddable":true,"href":"https:\/\/onecode-media.com\/aztekaec\/wp-json\/wp\/v2\/media\/5114"}],"wp:attachment":[{"href":"https:\/\/onecode-media.com\/aztekaec\/wp-json\/wp\/v2\/media?parent=5111"}],"wp:term":[{"taxonomy":"product_cat","embeddable":true,"href":"https:\/\/onecode-media.com\/aztekaec\/wp-json\/wp\/v2\/product_cat?post=5111"},{"taxonomy":"product_tag","embeddable":true,"href":"https:\/\/onecode-media.com\/aztekaec\/wp-json\/wp\/v2\/product_tag?post=5111"}],"curies":[{"name":"wp","href":"https:\/\/api.w.org\/{rel}","templated":true}]}}