{"id":5080,"date":"2026-03-12T23:05:29","date_gmt":"2026-03-12T23:05:29","guid":{"rendered":"https:\/\/onecode-media.com\/aztekaec\/?post_type=product&#038;p=5080"},"modified":"2026-03-13T00:13:28","modified_gmt":"2026-03-13T00:13:28","slug":"bb-15-circle-light-ksrlink-bt-fm-usb-micro-sd-rec-1-mic-alambrico-remot-stand-80w-rms","status":"publish","type":"product","link":"https:\/\/onecode-media.com\/aztekaec\/producto\/bb-15-circle-light-ksrlink-bt-fm-usb-micro-sd-rec-1-mic-alambrico-remot-stand-80w-rms\/","title":{"rendered":"BB 15&#8243; CIRCLE LIGHT KSRLINK"},"content":{"rendered":"<p>\u00bfTienes una fiesta o un espacio que ambientar con gran sonido y excelente audio?<br \/>\nAumenta la potencia del sonido y complementa la fiesta con nuestro Bafle KAISER de 15 pulgadas. S\u00famate a la diversi\u00f3n con su micr\u00f3fono al\u00e1mbrico incluido, y no te limites gracias al control remoto y Bluetooth con alcance de hasta 10 metros. Y no te preocupes por el espacio o donde ponerlo, su tripi\u00e9 incluido har\u00e1 que tus reuniones sean un \u00e9xito.<\/p>\n<p>Todo para triunfar en el Karaoke y la fiesta<br \/>\nAdem\u00e1s puedes usarlo para tu Karaoke y grabar tus canciones, no lo dudes m\u00e1s y compra en Mitzu tu bafle Kaiser. El control remoto te ayudar\u00e1 a ser un \u00e9xito en las fiestas; y controlar los graves, agudos, eco y volumen.Tambi\u00e9n reproduce tu m\u00fasica desde tu USB y SD o simplemente reproduce tu estaci\u00f3n FM favorita y disfruta de tu super bocina.<\/p>\n<p>Calidad y potencia en una bocina<br \/>\nEl Bafle Profesional 15 Kaiser 12,000 W De Pmpo Con Ksr-link es la opci\u00f3n ideal para los amantes de la m\u00fasica en busca de calidad y potencia. Con una potencia de salida de 100W RMS, este bafle ofrece un sonido n\u00edtido y envolvente para disfrutar al m\u00e1ximo de tus canciones favoritas. Gracias a su configuraci\u00f3n de canales 2.1 y su \u00fanica bocina tipo woofer, este bafle garantiza una experiencia de audio profesional. Adem\u00e1s, su formato de caja y su dise\u00f1o port\u00e1til te permiten llevarlo a donde quieras y disfrutar de la mejor m\u00fasica en cualquier lugar.<\/p>\n<p>Conectividad, luz y versatilidad<br \/>\nCon funciones como Bluetooth, radio, micr\u00f3fono y luces LED, el Bafle Profesional 15 Kaiser es perfecto para animar tus fiestas y eventos. Adem\u00e1s, su control remoto y soporte incluidos te brindan mayor comodidad y versatilidad en su uso. No esperes m\u00e1s y lleva la m\u00fasica a otro nivel con este incre\u00edble bafle.<\/p>\n","protected":false},"excerpt":{"rendered":"<p>\u00bfTienes una fiesta o un espacio que ambientar con gran sonido y excelente audio?<br \/>\nAumenta la potencia del sonido y complementa la fiesta con nuestro Bafle KAISER de 15 pulgadas. S\u00famate a la diversi\u00f3n con su micr\u00f3fono al\u00e1mbrico incluido, y no te limites gracias al control remoto y Bluetooth con alcance de hasta 10 metros. Y no te preocupes por el espacio o donde ponerlo, su tripi\u00e9 incluido har\u00e1 que tus reuniones sean un \u00e9xito.<\/p>\n","protected":false},"featured_media":5082,"comment_status":"open","ping_status":"closed","template":"","meta":{"_monsterinsights_skip_tracking":false,"_monsterinsights_sitenote_active":false,"_monsterinsights_sitenote_note":"","_monsterinsights_sitenote_category":0},"product_cat":[68],"product_tag":[106,139],"class_list":{"0":"post-5080","1":"product","2":"type-product","3":"status-publish","4":"has-post-thumbnail","6":"product_brand-mitzu","7":"product_cat-audio","8":"product_tag-mobile","9":"product_tag-technologies","10":"product_shipping_class-gopro-236","12":"first","13":"instock","14":"shipping-taxable","15":"purchasable","16":"product-type-simple","17":"col-xs-6 col-sm-4","18":"col-mf-5","19":"un-5-cols"},"aioseo_notices":[],"_links":{"self":[{"href":"https:\/\/onecode-media.com\/aztekaec\/wp-json\/wp\/v2\/product\/5080","targetHints":{"allow":["GET"]}}],"collection":[{"href":"https:\/\/onecode-media.com\/aztekaec\/wp-json\/wp\/v2\/product"}],"about":[{"href":"https:\/\/onecode-media.com\/aztekaec\/wp-json\/wp\/v2\/types\/product"}],"replies":[{"embeddable":true,"href":"https:\/\/onecode-media.com\/aztekaec\/wp-json\/wp\/v2\/comments?post=5080"}],"wp:featuredmedia":[{"embeddable":true,"href":"https:\/\/onecode-media.com\/aztekaec\/wp-json\/wp\/v2\/media\/5082"}],"wp:attachment":[{"href":"https:\/\/onecode-media.com\/aztekaec\/wp-json\/wp\/v2\/media?parent=5080"}],"wp:term":[{"taxonomy":"product_cat","embeddable":true,"href":"https:\/\/onecode-media.com\/aztekaec\/wp-json\/wp\/v2\/product_cat?post=5080"},{"taxonomy":"product_tag","embeddable":true,"href":"https:\/\/onecode-media.com\/aztekaec\/wp-json\/wp\/v2\/product_tag?post=5080"}],"curies":[{"name":"wp","href":"https:\/\/api.w.org\/{rel}","templated":true}]}}