{"id":5071,"date":"2026-03-12T23:02:06","date_gmt":"2026-03-12T23:02:06","guid":{"rendered":"https:\/\/onecode-media.com\/aztekaec\/?post_type=product&#038;p=5071"},"modified":"2026-03-13T00:13:44","modified_gmt":"2026-03-13T00:13:44","slug":"bb-15-luz-flama-ksrlink-recar-bt-fm-usb-micro-sd-aux-rec-1-mic-alambrico-remot-stand-40w-rms","status":"publish","type":"product","link":"https:\/\/onecode-media.com\/aztekaec\/producto\/bb-15-luz-flama-ksrlink-recar-bt-fm-usb-micro-sd-aux-rec-1-mic-alambrico-remot-stand-40w-rms\/","title":{"rendered":"BB 15&#8243; LUZ FLAMA KSRLINK"},"content":{"rendered":"<p>El Bafle de KAISER que te acompa\u00f1ar\u00e1 a las mejores fiestas. Aprovecha su potencia y tama\u00f1o para aumentar el volumen y multiplica su audio gracias a la tecnolog\u00eda KSR-LINK. Incluye micr\u00f3fono y tripi\u00e9 para un mejor uso.<\/p>\n","protected":false},"excerpt":{"rendered":"<p>El Bafle de KAISER que te acompa\u00f1ar\u00e1 a las mejores fiestas. Aprovecha su potencia y tama\u00f1o para aumentar el volumen y multiplica su audio gracias a la tecnolog\u00eda KSR-LINK. Incluye micr\u00f3fono y tripi\u00e9 para un mejor uso.<\/p>\n","protected":false},"featured_media":5074,"comment_status":"open","ping_status":"closed","template":"","meta":{"_monsterinsights_skip_tracking":false,"_monsterinsights_sitenote_active":false,"_monsterinsights_sitenote_note":"","_monsterinsights_sitenote_category":0},"product_cat":[68],"product_tag":[106,139],"class_list":{"0":"post-5071","1":"product","2":"type-product","3":"status-publish","4":"has-post-thumbnail","6":"product_brand-mitzu","7":"product_cat-audio","8":"product_tag-mobile","9":"product_tag-technologies","10":"product_shipping_class-gopro-236","12":"first","13":"instock","14":"shipping-taxable","15":"purchasable","16":"product-type-simple","17":"col-xs-6 col-sm-4","18":"col-mf-5","19":"un-5-cols"},"aioseo_notices":[],"_links":{"self":[{"href":"https:\/\/onecode-media.com\/aztekaec\/wp-json\/wp\/v2\/product\/5071","targetHints":{"allow":["GET"]}}],"collection":[{"href":"https:\/\/onecode-media.com\/aztekaec\/wp-json\/wp\/v2\/product"}],"about":[{"href":"https:\/\/onecode-media.com\/aztekaec\/wp-json\/wp\/v2\/types\/product"}],"replies":[{"embeddable":true,"href":"https:\/\/onecode-media.com\/aztekaec\/wp-json\/wp\/v2\/comments?post=5071"}],"wp:featuredmedia":[{"embeddable":true,"href":"https:\/\/onecode-media.com\/aztekaec\/wp-json\/wp\/v2\/media\/5074"}],"wp:attachment":[{"href":"https:\/\/onecode-media.com\/aztekaec\/wp-json\/wp\/v2\/media?parent=5071"}],"wp:term":[{"taxonomy":"product_cat","embeddable":true,"href":"https:\/\/onecode-media.com\/aztekaec\/wp-json\/wp\/v2\/product_cat?post=5071"},{"taxonomy":"product_tag","embeddable":true,"href":"https:\/\/onecode-media.com\/aztekaec\/wp-json\/wp\/v2\/product_tag?post=5071"}],"curies":[{"name":"wp","href":"https:\/\/api.w.org\/{rel}","templated":true}]}}