{"id":5035,"date":"2026-03-12T22:51:16","date_gmt":"2026-03-12T22:51:16","guid":{"rendered":"https:\/\/onecode-media.com\/aztekaec\/?post_type=product&#038;p=5035"},"modified":"2026-03-13T00:14:14","modified_gmt":"2026-03-13T00:14:14","slug":"autoestereo-touch-9-mirror-link-con-camara-de-reversa-car-play-android","status":"publish","type":"product","link":"https:\/\/onecode-media.com\/aztekaec\/producto\/autoestereo-touch-9-mirror-link-con-camara-de-reversa-car-play-android\/","title":{"rendered":"AUTOESTEREO TOUCH 9&#8243; MIRROR LINK"},"content":{"rendered":"<p>El Autoest\u00e9reo Touch Dabb Dab-0208 con C\u00e1mara de Reversa es el complemento perfecto para tu veh\u00edculo. Con su pantalla t\u00e1ctil de 9&#8243; y una resoluci\u00f3n de 1024 px x 600 px, podr\u00e1s disfrutar de una experiencia visual de alta calidad. Adem\u00e1s, su dise\u00f1o compacto con dimensiones de 7.5 cm de altura, 33 cm de largo y 18 cm de ancho, se adapta a cualquier espacio en tu autom\u00f3vil.<\/p>\n<p>Este autoest\u00e9reo cuenta con Bluetooth, lo que te permitir\u00e1 conectar tu dispositivo m\u00f3vil de forma inal\u00e1mbrica para reproducir tu m\u00fasica favorita o realizar llamadas con manos libres. Tambi\u00e9n cuenta con un puerto USB, para que puedas reproducir archivos de audio y video desde una memoria externa.<\/p>\n<p>Una de las caracter\u00edsticas destacadas de este modelo es su c\u00e1mara de reversa, que te brinda una mayor seguridad al estacionar y maniobrar tu veh\u00edculo. Con esta c\u00e1mara, podr\u00e1s tener una visi\u00f3n clara de lo que sucede detr\u00e1s de ti, evitando posibles accidentes.<\/p>\n<p>No pierdas la oportunidad de mejorar tu experiencia de conducci\u00f3n con el Autoest\u00e9reo Touch Dabb Dab-0208 con C\u00e1mara de Reversa. Disfruta de su pantalla t\u00e1ctil, conectividad Bluetooth y c\u00e1mara de reversa, todo en un solo dispositivo. \u00a1Hazte con el tuyo ahora!<\/p>\n","protected":false},"excerpt":{"rendered":"<p>El Autoest\u00e9reo Touch Dabb Dab-0208 con C\u00e1mara de Reversa es el complemento perfecto para tu veh\u00edculo. Con su pantalla t\u00e1ctil de 9&#8243; y una resoluci\u00f3n de 1024 px x 600 px, podr\u00e1s disfrutar de una experiencia visual de alta calidad. Adem\u00e1s, su dise\u00f1o compacto con dimensiones de 7.5 cm de altura, 33 cm de largo y 18 cm de ancho, se adapta a cualquier espacio en tu autom\u00f3vil.<\/p>\n<p>Este autoest\u00e9reo cuenta con Bluetooth, lo que te permitir\u00e1 conectar tu dispositivo m\u00f3vil de forma inal\u00e1mbrica para reproducir tu m\u00fasica favorita o realizar llamadas con manos libres. Tambi\u00e9n cuenta con un puerto USB, para que puedas reproducir archivos de audio y video desde una memoria externa.<\/p>\n","protected":false},"featured_media":5036,"comment_status":"open","ping_status":"closed","template":"","meta":{"_monsterinsights_skip_tracking":false,"_monsterinsights_sitenote_active":false,"_monsterinsights_sitenote_note":"","_monsterinsights_sitenote_category":0},"product_cat":[68],"product_tag":[106,139],"class_list":{"0":"post-5035","1":"product","2":"type-product","3":"status-publish","4":"has-post-thumbnail","6":"product_brand-mitzu","7":"product_cat-audio","8":"product_tag-mobile","9":"product_tag-technologies","10":"product_shipping_class-gopro-236","12":"first","13":"instock","14":"shipping-taxable","15":"purchasable","16":"product-type-simple","17":"col-xs-6 col-sm-4","18":"col-mf-5","19":"un-5-cols"},"aioseo_notices":[],"_links":{"self":[{"href":"https:\/\/onecode-media.com\/aztekaec\/wp-json\/wp\/v2\/product\/5035","targetHints":{"allow":["GET"]}}],"collection":[{"href":"https:\/\/onecode-media.com\/aztekaec\/wp-json\/wp\/v2\/product"}],"about":[{"href":"https:\/\/onecode-media.com\/aztekaec\/wp-json\/wp\/v2\/types\/product"}],"replies":[{"embeddable":true,"href":"https:\/\/onecode-media.com\/aztekaec\/wp-json\/wp\/v2\/comments?post=5035"}],"wp:featuredmedia":[{"embeddable":true,"href":"https:\/\/onecode-media.com\/aztekaec\/wp-json\/wp\/v2\/media\/5036"}],"wp:attachment":[{"href":"https:\/\/onecode-media.com\/aztekaec\/wp-json\/wp\/v2\/media?parent=5035"}],"wp:term":[{"taxonomy":"product_cat","embeddable":true,"href":"https:\/\/onecode-media.com\/aztekaec\/wp-json\/wp\/v2\/product_cat?post=5035"},{"taxonomy":"product_tag","embeddable":true,"href":"https:\/\/onecode-media.com\/aztekaec\/wp-json\/wp\/v2\/product_tag?post=5035"}],"curies":[{"name":"wp","href":"https:\/\/api.w.org\/{rel}","templated":true}]}}