{"id":5004,"date":"2026-03-12T22:45:59","date_gmt":"2026-03-12T22:45:59","guid":{"rendered":"https:\/\/onecode-media.com\/aztekaec\/?post_type=product&#038;p=5004"},"modified":"2026-03-12T22:46:00","modified_gmt":"2026-03-12T22:46:00","slug":"bb-2x8-luz-flama-ksrlink-recar-bt-fm-usb-micro-sd-aux-1-mic-alambrico-40w-rms","status":"publish","type":"product","link":"https:\/\/onecode-media.com\/aztekaec\/producto\/bb-2x8-luz-flama-ksrlink-recar-bt-fm-usb-micro-sd-aux-1-mic-alambrico-40w-rms\/","title":{"rendered":"BB 2X8&#8243; LUZ FLAMA KSRLINK\/ RECAR\/BT\/FM\/USB\/MICRO SD\/AUX\/1 MIC ALAMBRICO\/40W RMS"},"content":{"rendered":"<p>El bafle port\u00e1til es un dispositivo de audio con Bluetooth y radio FM que tambi\u00e9n ofrece conexiones adicionales, como puertos USB, entrada auxiliar de 3,5 mm y ranura para tarjetas SD. Con su dise\u00f1o compacto y bater\u00eda recargable, es ideal para llevarlo a cualquier lugar y disfrutar de m\u00fasica desde dispositivos inal\u00e1mbricos o mediante conexiones cableadas. Es vers\u00e1til y conveniente para actividades al aire libre, reuniones sociales o simplemente para disfrutar de m\u00fasica en el hogar. Navega dentro de t\u00fa tienda en l\u00ednea para encontrar m\u00e1s variedad de equipos y accesorios directamente hasta la puerta de tu hogar. Disfruta de una experiencia de compra sin complicaciones con opciones de pago seguras y entrega r\u00e1pida. Amplia variedad de productos en cada departamento.<\/p>\n","protected":false},"excerpt":{"rendered":"<p>El bafle port\u00e1til es un dispositivo de audio con Bluetooth y radio FM que tambi\u00e9n ofrece conexiones adicionales, como puertos USB, entrada auxiliar de 3,5 mm y ranura para tarjetas SD. Con su dise\u00f1o compacto y bater\u00eda recargable, es ideal para llevarlo a cualquier lugar y disfrutar de m\u00fasica desde dispositivos inal\u00e1mbricos o mediante conexiones cableadas. Es vers\u00e1til y conveniente para actividades al aire libre, reuniones sociales o simplemente para disfrutar de m\u00fasica en el hogar. Navega dentro de t\u00fa tienda en l\u00ednea para encontrar m\u00e1s variedad de equipos y accesorios directamente hasta la puerta de tu hogar. Disfruta de una experiencia de compra sin complicaciones con opciones de pago seguras y entrega r\u00e1pida. Amplia variedad de productos en cada departamento.<\/p>\n","protected":false},"featured_media":5006,"comment_status":"open","ping_status":"closed","template":"","meta":{"_monsterinsights_skip_tracking":false,"_monsterinsights_sitenote_active":false,"_monsterinsights_sitenote_note":"","_monsterinsights_sitenote_category":0},"product_cat":[68],"product_tag":[106,139],"class_list":{"0":"post-5004","1":"product","2":"type-product","3":"status-publish","4":"has-post-thumbnail","6":"product_brand-mitzu","7":"product_cat-audio","8":"product_tag-mobile","9":"product_tag-technologies","10":"product_shipping_class-gopro-236","12":"first","13":"instock","14":"shipping-taxable","15":"purchasable","16":"product-type-simple","17":"col-xs-6 col-sm-4","18":"col-mf-5","19":"un-5-cols"},"aioseo_notices":[],"_links":{"self":[{"href":"https:\/\/onecode-media.com\/aztekaec\/wp-json\/wp\/v2\/product\/5004","targetHints":{"allow":["GET"]}}],"collection":[{"href":"https:\/\/onecode-media.com\/aztekaec\/wp-json\/wp\/v2\/product"}],"about":[{"href":"https:\/\/onecode-media.com\/aztekaec\/wp-json\/wp\/v2\/types\/product"}],"replies":[{"embeddable":true,"href":"https:\/\/onecode-media.com\/aztekaec\/wp-json\/wp\/v2\/comments?post=5004"}],"wp:featuredmedia":[{"embeddable":true,"href":"https:\/\/onecode-media.com\/aztekaec\/wp-json\/wp\/v2\/media\/5006"}],"wp:attachment":[{"href":"https:\/\/onecode-media.com\/aztekaec\/wp-json\/wp\/v2\/media?parent=5004"}],"wp:term":[{"taxonomy":"product_cat","embeddable":true,"href":"https:\/\/onecode-media.com\/aztekaec\/wp-json\/wp\/v2\/product_cat?post=5004"},{"taxonomy":"product_tag","embeddable":true,"href":"https:\/\/onecode-media.com\/aztekaec\/wp-json\/wp\/v2\/product_tag?post=5004"}],"curies":[{"name":"wp","href":"https:\/\/api.w.org\/{rel}","templated":true}]}}