{"id":4979,"date":"2026-03-12T22:39:39","date_gmt":"2026-03-12T22:39:39","guid":{"rendered":"https:\/\/onecode-media.com\/aztekaec\/?post_type=product&#038;p=4979"},"modified":"2026-03-12T22:39:39","modified_gmt":"2026-03-12T22:39:39","slug":"kit-de-autoestereo","status":"publish","type":"product","link":"https:\/\/onecode-media.com\/aztekaec\/producto\/kit-de-autoestereo\/","title":{"rendered":"KIT DE AUTOESTEREO"},"content":{"rendered":"<p>Kit de autoest\u00e9reo con 2 bocinas de 6 1 2&#8243; &#8211; DAB-KIT<br \/>\nEl DAB-KIT es la soluci\u00f3n completa para mejorar el sistema de sonido de tu veh\u00edculo. Incluye un autoest\u00e9reo con ecualizador electr\u00f3nico preajustado y 2 bocinas automotrices de 6,5 pulgadas para ofrecer un audio potente y definido.<\/p>\n<p>Con 4 canales y 500 W de potencia, este sistema garantiza un sonido de alta calidad. Las bocinas cuentan con impedancia de 4 ohms, optimizando la compatibilidad y el rendimiento. El kit tambi\u00e9n incluye control remoto y accesorios de instalaci\u00f3n, facilitando su montaje.<\/p>\n","protected":false},"excerpt":{"rendered":"<p><strong>Kit de autoest\u00e9reo con 2 bocinas de 6 1 2&#8243; &#8211; DAB-KIT<\/strong><\/p>\n<p>El DAB-KIT es la soluci\u00f3n completa para mejorar el sistema de sonido de tu veh\u00edculo. Incluye un autoest\u00e9reo con ecualizador electr\u00f3nico preajustado y 2 bocinas automotrices de 6,5 pulgadas para ofrecer un audio potente y definido<\/p>\n","protected":false},"featured_media":4980,"comment_status":"open","ping_status":"closed","template":"","meta":{"_monsterinsights_skip_tracking":false,"_monsterinsights_sitenote_active":false,"_monsterinsights_sitenote_note":"","_monsterinsights_sitenote_category":0},"product_cat":[68],"product_tag":[106,139],"class_list":{"0":"post-4979","1":"product","2":"type-product","3":"status-publish","4":"has-post-thumbnail","6":"product_brand-mitzu","7":"product_cat-audio","8":"product_tag-mobile","9":"product_tag-technologies","10":"product_shipping_class-gopro-236","12":"first","13":"instock","14":"shipping-taxable","15":"purchasable","16":"product-type-simple","17":"col-xs-6 col-sm-4","18":"col-mf-5","19":"un-5-cols"},"aioseo_notices":[],"_links":{"self":[{"href":"https:\/\/onecode-media.com\/aztekaec\/wp-json\/wp\/v2\/product\/4979","targetHints":{"allow":["GET"]}}],"collection":[{"href":"https:\/\/onecode-media.com\/aztekaec\/wp-json\/wp\/v2\/product"}],"about":[{"href":"https:\/\/onecode-media.com\/aztekaec\/wp-json\/wp\/v2\/types\/product"}],"replies":[{"embeddable":true,"href":"https:\/\/onecode-media.com\/aztekaec\/wp-json\/wp\/v2\/comments?post=4979"}],"wp:featuredmedia":[{"embeddable":true,"href":"https:\/\/onecode-media.com\/aztekaec\/wp-json\/wp\/v2\/media\/4980"}],"wp:attachment":[{"href":"https:\/\/onecode-media.com\/aztekaec\/wp-json\/wp\/v2\/media?parent=4979"}],"wp:term":[{"taxonomy":"product_cat","embeddable":true,"href":"https:\/\/onecode-media.com\/aztekaec\/wp-json\/wp\/v2\/product_cat?post=4979"},{"taxonomy":"product_tag","embeddable":true,"href":"https:\/\/onecode-media.com\/aztekaec\/wp-json\/wp\/v2\/product_tag?post=4979"}],"curies":[{"name":"wp","href":"https:\/\/api.w.org\/{rel}","templated":true}]}}