{"id":4971,"date":"2026-03-12T22:22:19","date_gmt":"2026-03-12T22:22:19","guid":{"rendered":"https:\/\/onecode-media.com\/aztekaec\/?post_type=product&#038;p=4971"},"modified":"2026-03-12T22:22:20","modified_gmt":"2026-03-12T22:22:20","slug":"aud-diadema-anc-extreme-bt-cancelacion-ruido-bolsa-protectora-negro","status":"publish","type":"product","link":"https:\/\/onecode-media.com\/aztekaec\/producto\/aud-diadema-anc-extreme-bt-cancelacion-ruido-bolsa-protectora-negro\/","title":{"rendered":"AUD DIADEMA ANC EXTREME\/BT\/CANCELACI\u00d3N RUIDO\/BOLSA PROTECTORA\/NEGRO"},"content":{"rendered":"<p>Los aud\u00edfonos de diadema Bluetooth\u00ae con cancelaci\u00f3n de ruido de la marca Mitzu son ideales para disfrutar de tu m\u00fasica favorita con la mejor calidad de sonido. Con un alcance inal\u00e1mbrico de 10 metros, podr\u00e1s moverte con total libertad sin preocuparte por los cables. Adem\u00e1s, su duraci\u00f3n de bater\u00eda de 9.5 horas te permitir\u00e1 disfrutar de tu m\u00fasica durante todo el d\u00eda sin interrupciones.<\/p>\n<p>Gracias a su cancelaci\u00f3n de ruido, podr\u00e1s sumergirte por completo en tu m\u00fasica sin distracciones externas. Su dise\u00f1o ergon\u00f3mico y c\u00f3modo te garantiza una experiencia de uso agradable y sin molestias. Adem\u00e1s, su formato inal\u00e1mbrico te brinda la libertad de movimiento que necesitas para disfrutar al m\u00e1ximo de tu m\u00fasica en cualquier lugar.<\/p>\n<p>Con tecnolog\u00eda Bluetooth integrada, podr\u00e1s conectar tus dispositivos de forma r\u00e1pida y sencilla para disfrutar de una conexi\u00f3n estable y sin cortes. Los aud\u00edfonos MH-9502BK son la opci\u00f3n perfecta para los amantes de la m\u00fasica que buscan calidad de sonido y comodidad en un solo producto. No esperes m\u00e1s y adquiere los tuyos hoy mismo.<\/p>\n","protected":false},"excerpt":{"rendered":"<p>Los aud\u00edfonos de diadema Bluetooth\u00ae con cancelaci\u00f3n de ruido de la marca Mitzu son ideales para disfrutar de tu m\u00fasica favorita con la mejor calidad de sonido. Con un alcance inal\u00e1mbrico de 10 metros, podr\u00e1s moverte con total libertad sin preocuparte por los cables. Adem\u00e1s, su duraci\u00f3n de bater\u00eda de 9.5 horas te permitir\u00e1 disfrutar de tu m\u00fasica durante todo el d\u00eda sin interrupciones.<\/p>\n","protected":false},"featured_media":4972,"comment_status":"open","ping_status":"closed","template":"","meta":{"_monsterinsights_skip_tracking":false,"_monsterinsights_sitenote_active":false,"_monsterinsights_sitenote_note":"","_monsterinsights_sitenote_category":0},"product_cat":[68],"product_tag":[106,139],"class_list":{"0":"post-4971","1":"product","2":"type-product","3":"status-publish","4":"has-post-thumbnail","6":"product_brand-mitzu","7":"product_cat-audio","8":"product_tag-mobile","9":"product_tag-technologies","10":"product_shipping_class-gopro-236","12":"first","13":"instock","14":"shipping-taxable","15":"purchasable","16":"product-type-simple","17":"col-xs-6 col-sm-4","18":"col-mf-5","19":"un-5-cols"},"aioseo_notices":[],"_links":{"self":[{"href":"https:\/\/onecode-media.com\/aztekaec\/wp-json\/wp\/v2\/product\/4971","targetHints":{"allow":["GET"]}}],"collection":[{"href":"https:\/\/onecode-media.com\/aztekaec\/wp-json\/wp\/v2\/product"}],"about":[{"href":"https:\/\/onecode-media.com\/aztekaec\/wp-json\/wp\/v2\/types\/product"}],"replies":[{"embeddable":true,"href":"https:\/\/onecode-media.com\/aztekaec\/wp-json\/wp\/v2\/comments?post=4971"}],"wp:featuredmedia":[{"embeddable":true,"href":"https:\/\/onecode-media.com\/aztekaec\/wp-json\/wp\/v2\/media\/4972"}],"wp:attachment":[{"href":"https:\/\/onecode-media.com\/aztekaec\/wp-json\/wp\/v2\/media?parent=4971"}],"wp:term":[{"taxonomy":"product_cat","embeddable":true,"href":"https:\/\/onecode-media.com\/aztekaec\/wp-json\/wp\/v2\/product_cat?post=4971"},{"taxonomy":"product_tag","embeddable":true,"href":"https:\/\/onecode-media.com\/aztekaec\/wp-json\/wp\/v2\/product_tag?post=4971"}],"curies":[{"name":"wp","href":"https:\/\/api.w.org\/{rel}","templated":true}]}}