{"id":4897,"date":"2016-03-10T20:40:11","date_gmt":"2016-03-10T20:40:11","guid":{"rendered":"https:\/\/onecode-media.com\/aztekaec\/?post_type=product&#038;p=4897"},"modified":"2026-03-12T22:14:54","modified_gmt":"2026-03-12T22:14:54","slug":"aud-true-wireless","status":"publish","type":"product","link":"https:\/\/onecode-media.com\/aztekaec\/producto\/aud-true-wireless\/","title":{"rendered":"AUD TRUE WIRELESS"},"content":{"rendered":"<p>Los aud\u00edfonos True Wireless Bluetooth con linterna MH-9199 de la marca Kaiser son la combinaci\u00f3n perfecta de calidad y funcionalidad. Con una respuesta en frecuencia de 20 Hz a 20000 Hz, garantizan un sonido n\u00edtido y envolvente en cada canci\u00f3n que escuches. Adem\u00e1s, su duraci\u00f3n de bater\u00eda de hasta 5 horas te permite disfrutar de tu m\u00fasica favorita durante todo el d\u00eda sin interrupciones.<\/p>\n<p>Gracias a su formato inal\u00e1mbrico y su estuche de carga incluido, podr\u00e1s llevar tus aud\u00edfonos a todas partes de forma c\u00f3moda y segura. Adem\u00e1s, su dise\u00f1o True Wireless te brinda la libertad de movimiento que necesitas para disfrutar al m\u00e1ximo de tu m\u00fasica sin enredos ni cables molestos.<\/p>\n<p>Con Bluetooth, luz LED y micr\u00f3fono integrado, los aud\u00edfonos MH-9199 son la opci\u00f3n ideal para aquellos que buscan comodidad, calidad de sonido y versatilidad en un solo producto. Ya sea para escuchar m\u00fasica, contestar llamadas o simplemente disfrutar de tus podcasts favoritos, estos aud\u00edfonos te ofrecen todo lo que necesitas en un solo dispositivo.<\/p>\n<p>No esperes m\u00e1s y adquiere tus aud\u00edfonos True Wireless Bluetooth con linterna MH-9199 de Kaiser para disfrutar de una experiencia auditiva \u00fanica y sin complicaciones. Con su tecnolog\u00eda de punta y su dise\u00f1o innovador, estos aud\u00edfonos se convertir\u00e1n en tu compa\u00f1ero perfecto para todas tus actividades diarias. \u00a1Hazte con los tuyos ahora y descubre todo lo que pueden ofrecerte!<\/p>\n","protected":false},"excerpt":{"rendered":"<p>Los aud\u00edfonos True Wireless Bluetooth con linterna MH-9199 de la marca Kaiser son la combinaci\u00f3n perfecta de calidad y funcionalidad. Con una respuesta en frecuencia de 20 Hz a 20000 Hz, garantizan un sonido n\u00edtido y envolvente en cada canci\u00f3n que escuches. Adem\u00e1s, su duraci\u00f3n de bater\u00eda de hasta 5 horas te permite disfrutar de tu m\u00fasica favorita durante todo el d\u00eda sin interrupciones.<\/p>\n","protected":false},"featured_media":4902,"comment_status":"open","ping_status":"closed","template":"","meta":{"_monsterinsights_skip_tracking":false,"_monsterinsights_sitenote_active":false,"_monsterinsights_sitenote_note":"","_monsterinsights_sitenote_category":0},"product_cat":[176,68],"product_tag":[106,139],"class_list":{"0":"post-4897","1":"product","2":"type-product","3":"status-publish","4":"has-post-thumbnail","6":"product_brand-mitzu","7":"product_cat-audifonos","8":"product_cat-audio","9":"product_tag-mobile","10":"product_tag-technologies","11":"product_shipping_class-gopro-236","13":"first","14":"instock","15":"shipping-taxable","16":"purchasable","17":"product-type-simple","18":"col-xs-6 col-sm-4","19":"col-mf-5","20":"un-5-cols"},"aioseo_notices":[],"_links":{"self":[{"href":"https:\/\/onecode-media.com\/aztekaec\/wp-json\/wp\/v2\/product\/4897","targetHints":{"allow":["GET"]}}],"collection":[{"href":"https:\/\/onecode-media.com\/aztekaec\/wp-json\/wp\/v2\/product"}],"about":[{"href":"https:\/\/onecode-media.com\/aztekaec\/wp-json\/wp\/v2\/types\/product"}],"replies":[{"embeddable":true,"href":"https:\/\/onecode-media.com\/aztekaec\/wp-json\/wp\/v2\/comments?post=4897"}],"wp:featuredmedia":[{"embeddable":true,"href":"https:\/\/onecode-media.com\/aztekaec\/wp-json\/wp\/v2\/media\/4902"}],"wp:attachment":[{"href":"https:\/\/onecode-media.com\/aztekaec\/wp-json\/wp\/v2\/media?parent=4897"}],"wp:term":[{"taxonomy":"product_cat","embeddable":true,"href":"https:\/\/onecode-media.com\/aztekaec\/wp-json\/wp\/v2\/product_cat?post=4897"},{"taxonomy":"product_tag","embeddable":true,"href":"https:\/\/onecode-media.com\/aztekaec\/wp-json\/wp\/v2\/product_tag?post=4897"}],"curies":[{"name":"wp","href":"https:\/\/api.w.org\/{rel}","templated":true}]}}