{"id":4877,"date":"2025-03-10T20:12:06","date_gmt":"2025-03-10T20:12:06","guid":{"rendered":"https:\/\/onecode-media.com\/aztekaec\/?post_type=product&#038;p=4877"},"modified":"2026-03-10T20:43:03","modified_gmt":"2026-03-10T20:43:03","slug":"aud-diadema-metalica-bt-manos-libres-recar-cable-3-5-negro","status":"publish","type":"product","link":"https:\/\/onecode-media.com\/aztekaec\/producto\/aud-diadema-metalica-bt-manos-libres-recar-cable-3-5-negro\/","title":{"rendered":"AUD DIADEMA METALICA\/BT\/MANOS LIBRES\/RECAR\/CABLE 3.5\/NEGRO"},"content":{"rendered":"<p>El Mitzu MH-8097BK es un par de aud\u00edfonos de diadema inal\u00e1mbricos con Bluetooth y opci\u00f3n de uso al\u00e1mbrico, dise\u00f1ados para ofrecer comodidad, estilo y buena calidad de sonido tanto para m\u00fasica como para llamadas y multimedia en general.<\/p>\n","protected":false},"excerpt":{"rendered":"<p>El Mitzu MH-8097BK es un par de aud\u00edfonos de diadema inal\u00e1mbricos con Bluetooth y opci\u00f3n de uso al\u00e1mbrico, dise\u00f1ados para ofrecer comodidad, estilo y buena calidad de sonido tanto para m\u00fasica como para llamadas y multimedia en general.<\/p>\n","protected":false},"featured_media":4878,"comment_status":"open","ping_status":"closed","template":"","meta":{"_monsterinsights_skip_tracking":false,"_monsterinsights_sitenote_active":false,"_monsterinsights_sitenote_note":"","_monsterinsights_sitenote_category":0},"product_cat":[176,68],"product_tag":[106,139],"class_list":{"0":"post-4877","1":"product","2":"type-product","3":"status-publish","4":"has-post-thumbnail","6":"product_brand-mitzu","7":"product_cat-audifonos","8":"product_cat-audio","9":"product_tag-mobile","10":"product_tag-technologies","11":"product_shipping_class-gopro-236","13":"first","14":"instock","15":"shipping-taxable","16":"purchasable","17":"product-type-simple","18":"col-xs-6 col-sm-4","19":"col-mf-5","20":"un-5-cols"},"aioseo_notices":[],"_links":{"self":[{"href":"https:\/\/onecode-media.com\/aztekaec\/wp-json\/wp\/v2\/product\/4877","targetHints":{"allow":["GET"]}}],"collection":[{"href":"https:\/\/onecode-media.com\/aztekaec\/wp-json\/wp\/v2\/product"}],"about":[{"href":"https:\/\/onecode-media.com\/aztekaec\/wp-json\/wp\/v2\/types\/product"}],"replies":[{"embeddable":true,"href":"https:\/\/onecode-media.com\/aztekaec\/wp-json\/wp\/v2\/comments?post=4877"}],"wp:featuredmedia":[{"embeddable":true,"href":"https:\/\/onecode-media.com\/aztekaec\/wp-json\/wp\/v2\/media\/4878"}],"wp:attachment":[{"href":"https:\/\/onecode-media.com\/aztekaec\/wp-json\/wp\/v2\/media?parent=4877"}],"wp:term":[{"taxonomy":"product_cat","embeddable":true,"href":"https:\/\/onecode-media.com\/aztekaec\/wp-json\/wp\/v2\/product_cat?post=4877"},{"taxonomy":"product_tag","embeddable":true,"href":"https:\/\/onecode-media.com\/aztekaec\/wp-json\/wp\/v2\/product_tag?post=4877"}],"curies":[{"name":"wp","href":"https:\/\/api.w.org\/{rel}","templated":true}]}}