{"id":4860,"date":"2025-03-10T20:06:09","date_gmt":"2025-03-10T20:06:09","guid":{"rendered":"https:\/\/onecode-media.com\/aztekaec\/?post_type=product&#038;p=4860"},"modified":"2026-03-10T20:43:11","modified_gmt":"2026-03-10T20:43:11","slug":"aud-sport-tel-y-musica-bt-10m","status":"publish","type":"product","link":"https:\/\/onecode-media.com\/aztekaec\/producto\/aud-sport-tel-y-musica-bt-10m\/","title":{"rendered":"AUD SPORT TEL Y MUSICA BT\/10M"},"content":{"rendered":"<p>\u00abLos aud\u00edfonos Bluetooth Mitzu Deportivos Manos Libres MH-9218BK son ideales para los amantes del deporte y la m\u00fasica. Con un formato Neckband y un cable de 60 cm, ofrecen comodidad y libertad de movimiento durante tus entrenamientos. Adem\u00e1s, su dise\u00f1o monoaural y su sensibilidad de 80 dB garantizan una excelente calidad de sonido.<\/p>\n<p>Gracias a su tecnolog\u00eda Bluetooth, podr\u00e1s disfrutar de tu m\u00fasica favorita sin cables y con total libertad. Adem\u00e1s, cuentan con radio FM integrada para que no te pierdas de ninguna emisora. Y si te gusta destacar, los aud\u00edfonos Mitzu MH-9218BK tambi\u00e9n incluyen luz LED para darle un toque de estilo a tus sesiones de entrenamiento.<\/p>\n<p>No solo podr\u00e1s disfrutar de tu m\u00fasica, sino que tambi\u00e9n podr\u00e1s contestar llamadas gracias a su micr\u00f3fono incorporado. Con estos aud\u00edfonos deportivos, podr\u00e1s mantener tus manos libres y concentrarte en tus actividades sin preocuparte por cables ni interrupciones. \u00a1Hazte con los aud\u00edfonos Bluetooth Mitzu MH-9218BK y lleva tu experiencia musical a otro nivel!\u00bb<\/p>\n","protected":false},"excerpt":{"rendered":"<p>\u00abLos aud\u00edfonos Bluetooth Mitzu Deportivos Manos Libres MH-9218BK son ideales para los amantes del deporte y la m\u00fasica. Con un formato Neckband y un cable de 60 cm, ofrecen comodidad y libertad de movimiento durante tus entrenamientos. Adem\u00e1s, su dise\u00f1o monoaural y su sensibilidad de 80 dB garantizan una excelente calidad de sonido.<\/p>\n<p>Gracias a su tecnolog\u00eda Bluetooth, podr\u00e1s disfrutar de tu m\u00fasica favorita sin cables y con total libertad. Adem\u00e1s, cuentan con radio FM integrada para que no te pierdas de ninguna emisora. Y si te gusta destacar, los aud\u00edfonos Mitzu MH-9218BK tambi\u00e9n incluyen luz LED para darle un toque de estilo a tus sesiones de entrenamiento.<\/p>\n<p>No solo podr\u00e1s disfrutar de tu m\u00fasica, sino que tambi\u00e9n podr\u00e1s contestar llamadas gracias a su micr\u00f3fono incorporado. Con estos aud\u00edfonos deportivos, podr\u00e1s mantener tus manos libres y concentrarte en tus actividades sin preocuparte por cables ni interrupciones. \u00a1Hazte con los aud\u00edfonos Bluetooth Mitzu MH-9218BK y lleva tu experiencia musical a otro nivel!\u00bb<\/p>\n","protected":false},"featured_media":4863,"comment_status":"open","ping_status":"closed","template":"","meta":{"_monsterinsights_skip_tracking":false,"_monsterinsights_sitenote_active":false,"_monsterinsights_sitenote_note":"","_monsterinsights_sitenote_category":0},"product_cat":[176,68],"product_tag":[106,139],"class_list":{"0":"post-4860","1":"product","2":"type-product","3":"status-publish","4":"has-post-thumbnail","6":"product_brand-mitzu","7":"product_cat-audifonos","8":"product_cat-audio","9":"product_tag-mobile","10":"product_tag-technologies","11":"product_shipping_class-gopro-236","13":"first","14":"instock","15":"shipping-taxable","16":"purchasable","17":"product-type-simple","18":"col-xs-6 col-sm-4","19":"col-mf-5","20":"un-5-cols"},"aioseo_notices":[],"_links":{"self":[{"href":"https:\/\/onecode-media.com\/aztekaec\/wp-json\/wp\/v2\/product\/4860","targetHints":{"allow":["GET"]}}],"collection":[{"href":"https:\/\/onecode-media.com\/aztekaec\/wp-json\/wp\/v2\/product"}],"about":[{"href":"https:\/\/onecode-media.com\/aztekaec\/wp-json\/wp\/v2\/types\/product"}],"replies":[{"embeddable":true,"href":"https:\/\/onecode-media.com\/aztekaec\/wp-json\/wp\/v2\/comments?post=4860"}],"wp:featuredmedia":[{"embeddable":true,"href":"https:\/\/onecode-media.com\/aztekaec\/wp-json\/wp\/v2\/media\/4863"}],"wp:attachment":[{"href":"https:\/\/onecode-media.com\/aztekaec\/wp-json\/wp\/v2\/media?parent=4860"}],"wp:term":[{"taxonomy":"product_cat","embeddable":true,"href":"https:\/\/onecode-media.com\/aztekaec\/wp-json\/wp\/v2\/product_cat?post=4860"},{"taxonomy":"product_tag","embeddable":true,"href":"https:\/\/onecode-media.com\/aztekaec\/wp-json\/wp\/v2\/product_tag?post=4860"}],"curies":[{"name":"wp","href":"https:\/\/api.w.org\/{rel}","templated":true}]}}