{"id":4853,"date":"2025-03-10T20:04:08","date_gmt":"2025-03-10T20:04:08","guid":{"rendered":"https:\/\/onecode-media.com\/aztekaec\/?post_type=product&#038;p=4853"},"modified":"2026-03-10T20:43:17","modified_gmt":"2026-03-10T20:43:17","slug":"aud-3-5-diadema-confort-manos","status":"publish","type":"product","link":"https:\/\/onecode-media.com\/aztekaec\/producto\/aud-3-5-diadema-confort-manos\/","title":{"rendered":"AUD 3.5 DIADEMA CONFORT MANOS"},"content":{"rendered":"<p>El Mitzu MH\u20115040BK aud\u00edfonos de diadema es un par de aud\u00edfonos de diadema al\u00e1mbricos con manos libres, dise\u00f1ado para ofrecer audio c\u00f3modo y claro tanto para escuchar m\u00fasica como para hablar por tel\u00e9fono u otros usos cotidianos.<\/p>\n<p>Descripci\u00f3n del producto<\/p>\n<p>Estos aud\u00edfonos cuentan con un dise\u00f1o de diadema plegable y almohadillas c\u00f3modas, lo que los hace f\u00e1ciles de transportar y usar durante largas sesiones de escucha.<\/p>\n","protected":false},"excerpt":{"rendered":"<p>El Mitzu MH\u20115040BK aud\u00edfonos de diadema es un par de aud\u00edfonos de diadema al\u00e1mbricos con manos libres, dise\u00f1ado para ofrecer audio c\u00f3modo y claro tanto para escuchar m\u00fasica como para hablar por tel\u00e9fono u otros usos cotidianos.<\/p>\n<p>Descripci\u00f3n del producto<\/p>\n<p>Estos aud\u00edfonos cuentan con un dise\u00f1o de diadema plegable y almohadillas c\u00f3modas, lo que los hace f\u00e1ciles de transportar y usar durante largas sesiones de escucha.<\/p>\n","protected":false},"featured_media":4858,"comment_status":"open","ping_status":"closed","template":"","meta":{"_monsterinsights_skip_tracking":false,"_monsterinsights_sitenote_active":false,"_monsterinsights_sitenote_note":"","_monsterinsights_sitenote_category":0},"product_cat":[176,68],"product_tag":[106,139],"class_list":{"0":"post-4853","1":"product","2":"type-product","3":"status-publish","4":"has-post-thumbnail","6":"product_brand-mitzu","7":"product_cat-audifonos","8":"product_cat-audio","9":"product_tag-mobile","10":"product_tag-technologies","11":"product_shipping_class-gopro-236","13":"first","14":"instock","15":"shipping-taxable","16":"purchasable","17":"product-type-simple","18":"col-xs-6 col-sm-4","19":"col-mf-5","20":"un-5-cols"},"aioseo_notices":[],"_links":{"self":[{"href":"https:\/\/onecode-media.com\/aztekaec\/wp-json\/wp\/v2\/product\/4853","targetHints":{"allow":["GET"]}}],"collection":[{"href":"https:\/\/onecode-media.com\/aztekaec\/wp-json\/wp\/v2\/product"}],"about":[{"href":"https:\/\/onecode-media.com\/aztekaec\/wp-json\/wp\/v2\/types\/product"}],"replies":[{"embeddable":true,"href":"https:\/\/onecode-media.com\/aztekaec\/wp-json\/wp\/v2\/comments?post=4853"}],"wp:featuredmedia":[{"embeddable":true,"href":"https:\/\/onecode-media.com\/aztekaec\/wp-json\/wp\/v2\/media\/4858"}],"wp:attachment":[{"href":"https:\/\/onecode-media.com\/aztekaec\/wp-json\/wp\/v2\/media?parent=4853"}],"wp:term":[{"taxonomy":"product_cat","embeddable":true,"href":"https:\/\/onecode-media.com\/aztekaec\/wp-json\/wp\/v2\/product_cat?post=4853"},{"taxonomy":"product_tag","embeddable":true,"href":"https:\/\/onecode-media.com\/aztekaec\/wp-json\/wp\/v2\/product_tag?post=4853"}],"curies":[{"name":"wp","href":"https:\/\/api.w.org\/{rel}","templated":true}]}}