{"id":4852,"date":"2025-03-10T19:58:58","date_gmt":"2025-03-10T19:58:58","guid":{"rendered":"https:\/\/onecode-media.com\/aztekaec\/?post_type=product&#038;p=4852"},"modified":"2026-03-10T20:43:21","modified_gmt":"2026-03-10T20:43:21","slug":"diadema-multimedia-tipo","status":"publish","type":"product","link":"https:\/\/onecode-media.com\/aztekaec\/producto\/diadema-multimedia-tipo\/","title":{"rendered":"DIADEMA MULTIMEDIA TIPO"},"content":{"rendered":"<p>El Mitzu 18-8301 es un modelo de aud\u00edfonos tipo diadema dise\u00f1ados para gamers o uso multimedia con micr\u00f3fono integrado.<\/p>\n<p>Descripci\u00f3n del producto \u2013 Mitzu 18-8301<\/p>\n<p>Este art\u00edculo es un set de aud\u00edfonos al\u00e1mbricos con micr\u00f3fono ajustable, pensado principalmente para videojuegos, llamadas o actividades multimedia donde necesites audio claro y comunicaci\u00f3n directa.<\/p>\n","protected":false},"excerpt":{"rendered":"<p>El Mitzu 18-8301 es un modelo de aud\u00edfonos tipo diadema dise\u00f1ados para gamers o uso multimedia con micr\u00f3fono integrado.<\/p>\n<p>Descripci\u00f3n del producto \u2013 Mitzu 18-8301<\/p>\n<p>Este art\u00edculo es un set de aud\u00edfonos al\u00e1mbricos con micr\u00f3fono ajustable, pensado principalmente para videojuegos, llamadas o actividades multimedia donde necesites audio claro y comunicaci\u00f3n directa.<\/p>\n","protected":false},"featured_media":0,"comment_status":"open","ping_status":"closed","template":"","meta":{"_monsterinsights_skip_tracking":false,"_monsterinsights_sitenote_active":false,"_monsterinsights_sitenote_note":"","_monsterinsights_sitenote_category":0},"product_cat":[176,68],"product_tag":[106,139],"class_list":{"0":"post-4852","1":"product","2":"type-product","3":"status-publish","5":"product_brand-mitzu","6":"product_cat-audifonos","7":"product_cat-audio","8":"product_tag-mobile","9":"product_tag-technologies","10":"product_shipping_class-gopro-236","12":"first","13":"instock","14":"shipping-taxable","15":"purchasable","16":"product-type-simple","17":"col-xs-6 col-sm-4","18":"col-mf-5","19":"un-5-cols"},"aioseo_notices":[],"_links":{"self":[{"href":"https:\/\/onecode-media.com\/aztekaec\/wp-json\/wp\/v2\/product\/4852","targetHints":{"allow":["GET"]}}],"collection":[{"href":"https:\/\/onecode-media.com\/aztekaec\/wp-json\/wp\/v2\/product"}],"about":[{"href":"https:\/\/onecode-media.com\/aztekaec\/wp-json\/wp\/v2\/types\/product"}],"replies":[{"embeddable":true,"href":"https:\/\/onecode-media.com\/aztekaec\/wp-json\/wp\/v2\/comments?post=4852"}],"wp:attachment":[{"href":"https:\/\/onecode-media.com\/aztekaec\/wp-json\/wp\/v2\/media?parent=4852"}],"wp:term":[{"taxonomy":"product_cat","embeddable":true,"href":"https:\/\/onecode-media.com\/aztekaec\/wp-json\/wp\/v2\/product_cat?post=4852"},{"taxonomy":"product_tag","embeddable":true,"href":"https:\/\/onecode-media.com\/aztekaec\/wp-json\/wp\/v2\/product_tag?post=4852"}],"curies":[{"name":"wp","href":"https:\/\/api.w.org\/{rel}","templated":true}]}}