{"id":4844,"date":"2025-03-10T19:52:52","date_gmt":"2025-03-10T19:52:52","guid":{"rendered":"https:\/\/onecode-media.com\/aztekaec\/?post_type=product&#038;p=4844"},"modified":"2026-03-10T20:43:30","modified_gmt":"2026-03-10T20:43:30","slug":"microfono-unidireccional-alta","status":"publish","type":"product","link":"https:\/\/onecode-media.com\/aztekaec\/producto\/microfono-unidireccional-alta\/","title":{"rendered":"MICROFONO UNIDIRECCIONAL ALTA"},"content":{"rendered":"<p>El Mitzu 12-5000 es un micr\u00f3fono din\u00e1mico al\u00e1mbrico unidireccional, dise\u00f1ado para capturar sonido con claridad y reducir el ruido ambiente. Es ideal tanto para presentaciones en vivo como para grabaciones, conferencias, karaoke o uso general de audio<\/p>\n","protected":false},"excerpt":{"rendered":"<p>El Mitzu 12-5000 es un micr\u00f3fono din\u00e1mico al\u00e1mbrico unidireccional, dise\u00f1ado para capturar sonido con claridad y reducir el ruido ambiente. Es ideal tanto para presentaciones en vivo como para grabaciones, conferencias, karaoke o uso general de audio<\/p>\n","protected":false},"featured_media":0,"comment_status":"open","ping_status":"closed","template":"","meta":{"_monsterinsights_skip_tracking":false,"_monsterinsights_sitenote_active":false,"_monsterinsights_sitenote_note":"","_monsterinsights_sitenote_category":0},"product_cat":[68],"product_tag":[106,139],"class_list":{"0":"post-4844","1":"product","2":"type-product","3":"status-publish","5":"product_brand-mitzu","6":"product_cat-audio","7":"product_tag-mobile","8":"product_tag-technologies","9":"product_shipping_class-gopro-236","11":"first","12":"instock","13":"shipping-taxable","14":"purchasable","15":"product-type-simple","16":"col-xs-6 col-sm-4","17":"col-mf-5","18":"un-5-cols"},"aioseo_notices":[],"_links":{"self":[{"href":"https:\/\/onecode-media.com\/aztekaec\/wp-json\/wp\/v2\/product\/4844","targetHints":{"allow":["GET"]}}],"collection":[{"href":"https:\/\/onecode-media.com\/aztekaec\/wp-json\/wp\/v2\/product"}],"about":[{"href":"https:\/\/onecode-media.com\/aztekaec\/wp-json\/wp\/v2\/types\/product"}],"replies":[{"embeddable":true,"href":"https:\/\/onecode-media.com\/aztekaec\/wp-json\/wp\/v2\/comments?post=4844"}],"wp:attachment":[{"href":"https:\/\/onecode-media.com\/aztekaec\/wp-json\/wp\/v2\/media?parent=4844"}],"wp:term":[{"taxonomy":"product_cat","embeddable":true,"href":"https:\/\/onecode-media.com\/aztekaec\/wp-json\/wp\/v2\/product_cat?post=4844"},{"taxonomy":"product_tag","embeddable":true,"href":"https:\/\/onecode-media.com\/aztekaec\/wp-json\/wp\/v2\/product_tag?post=4844"}],"curies":[{"name":"wp","href":"https:\/\/api.w.org\/{rel}","templated":true}]}}