{"id":4739,"date":"2016-03-07T00:18:45","date_gmt":"2016-03-07T00:18:45","guid":{"rendered":"https:\/\/onecode-media.com\/aztekaec\/?post_type=product&#038;p=4739"},"modified":"2026-03-07T00:35:11","modified_gmt":"2026-03-07T00:35:11","slug":"adaptador-de-enchufe-universal","status":"publish","type":"product","link":"https:\/\/onecode-media.com\/aztekaec\/producto\/adaptador-de-enchufe-universal\/","title":{"rendered":"ADAPTADOR DE ENCHUFE UNIVERSAL"},"content":{"rendered":"<p>El Mitzu Adaptador Universal de Contactos para Viaje con **modelo 11-2516 es un adaptador universal de corriente para viaje, dise\u00f1ado para que puedas conectar tus dispositivos el\u00e9ctricos en diferentes tipos de tomacorrientes cuando est\u00e1s en el extranjero o movi\u00e9ndote entre pa\u00edses<\/p>\n","protected":false},"excerpt":{"rendered":"<p>El Mitzu Adaptador Universal de Contactos para Viaje con **modelo 11-2516 es un adaptador universal de corriente para viaje, dise\u00f1ado para que puedas conectar tus dispositivos el\u00e9ctricos en diferentes tipos de tomacorrientes cuando est\u00e1s en el extranjero o movi\u00e9ndote entre pa\u00edses<\/p>\n","protected":false},"featured_media":4740,"comment_status":"open","ping_status":"closed","template":"","meta":{"_monsterinsights_skip_tracking":false,"_monsterinsights_sitenote_active":false,"_monsterinsights_sitenote_note":"","_monsterinsights_sitenote_category":0},"product_cat":[15,111],"product_tag":[106,139],"class_list":{"0":"post-4739","1":"product","2":"type-product","3":"status-publish","4":"has-post-thumbnail","6":"product_brand-mitzu","7":"product_cat-accesorios","8":"product_cat-energia","9":"product_tag-mobile","10":"product_tag-technologies","11":"product_shipping_class-gopro-236","13":"first","14":"instock","15":"shipping-taxable","16":"purchasable","17":"product-type-simple","18":"col-xs-6 col-sm-4","19":"col-mf-5","20":"un-5-cols"},"aioseo_notices":[],"_links":{"self":[{"href":"https:\/\/onecode-media.com\/aztekaec\/wp-json\/wp\/v2\/product\/4739","targetHints":{"allow":["GET"]}}],"collection":[{"href":"https:\/\/onecode-media.com\/aztekaec\/wp-json\/wp\/v2\/product"}],"about":[{"href":"https:\/\/onecode-media.com\/aztekaec\/wp-json\/wp\/v2\/types\/product"}],"replies":[{"embeddable":true,"href":"https:\/\/onecode-media.com\/aztekaec\/wp-json\/wp\/v2\/comments?post=4739"}],"wp:featuredmedia":[{"embeddable":true,"href":"https:\/\/onecode-media.com\/aztekaec\/wp-json\/wp\/v2\/media\/4740"}],"wp:attachment":[{"href":"https:\/\/onecode-media.com\/aztekaec\/wp-json\/wp\/v2\/media?parent=4739"}],"wp:term":[{"taxonomy":"product_cat","embeddable":true,"href":"https:\/\/onecode-media.com\/aztekaec\/wp-json\/wp\/v2\/product_cat?post=4739"},{"taxonomy":"product_tag","embeddable":true,"href":"https:\/\/onecode-media.com\/aztekaec\/wp-json\/wp\/v2\/product_tag?post=4739"}],"curies":[{"name":"wp","href":"https:\/\/api.w.org\/{rel}","templated":true}]}}